{"id":3390,"date":"2021-01-28T15:03:52","date_gmt":"2021-01-28T14:03:52","guid":{"rendered":"https:\/\/cp4us.andreclemencon.com\/?page_id=3390"},"modified":"2024-10-24T12:02:53","modified_gmt":"2024-10-24T10:02:53","slug":"imprint","status":"publish","type":"page","link":"https:\/\/andreclemencon.com\/en\/imprint\/","title":{"rendered":"Imprint"},"content":{"rendered":"<div class=\"fusion-fullwidth fullwidth-box fusion-builder-row-1 fusion-flex-container nonhundred-percent-fullwidth non-hundred-percent-height-scrolling\" style=\"background-color: #ffffff;background-position: left top;background-repeat: no-repeat;border-width: 0px 0px 0px 0px;border-color:#eae9e9;border-style:solid;\" ><div class=\"fusion-builder-row fusion-row fusion-flex-align-items-flex-start\" style=\"max-width:1248px;margin-left: calc(-4% \/ 2 );margin-right: calc(-4% \/ 2 );\"><div class=\"fusion-layout-column fusion_builder_column fusion-builder-column-0 fusion_builder_column_1_6 1_6 fusion-flex-column\"><div class=\"fusion-column-wrapper fusion-flex-justify-content-flex-start fusion-content-layout-column\" style=\"background-position:left top;background-repeat:no-repeat;-webkit-background-size:cover;-moz-background-size:cover;-o-background-size:cover;background-size:cover;padding: 0px 0px 0px 0px;\"><\/div><style type=\"text\/css\">.fusion-body .fusion-builder-column-0{width:16.666666666667% !important;margin-top : 0px;margin-bottom : 20px;}.fusion-builder-column-0 > .fusion-column-wrapper {padding-top : 0px !important;padding-right : 0px !important;margin-right : 11.52%;padding-bottom : 0px !important;padding-left : 0px !important;margin-left : 11.52%;}@media only screen and (max-width:700px) {.fusion-body .fusion-builder-column-0{width:100% !important;}.fusion-builder-column-0 > .fusion-column-wrapper {margin-right : 1.92%;margin-left : 1.92%;}}@media only screen and (max-width:640px) {.fusion-body .fusion-builder-column-0{width:100% !important;}.fusion-builder-column-0 > .fusion-column-wrapper {margin-right : 1.92%;margin-left : 1.92%;}}<\/style><\/div><div class=\"fusion-layout-column fusion_builder_column fusion-builder-column-1 fusion_builder_column_2_3 2_3 fusion-flex-column\"><div class=\"fusion-column-wrapper fusion-flex-justify-content-flex-start fusion-content-layout-column\" style=\"background-position:left top;background-repeat:no-repeat;-webkit-background-size:cover;-moz-background-size:cover;-o-background-size:cover;background-size:cover;padding: 0px 0px 0px 0px;\"><div class=\"fusion-text fusion-text-1\" style=\"text-align:left;font-size:16px;line-height:22px;\"><p><strong>Details of supplier<\/strong><\/p>\n<p>Andr\u00e9 Cl\u00e9men\u00e7on Contemporary Watches AG<br \/>\nReitschulstrasse 5<br \/>\n2502 Biel\/Bienne, Switzerland<\/p>\n<p>Phone: +41 32 361 22 55<br \/>\nEmail: info@andreclemencon.com<br \/>\nManaging Director authorised to represent the company: Andr\u00e9 Cl\u00e9men\u00e7on<br \/>\nOperational management: Andr\u00e9 Cl\u00e9men\u00e7on<br \/>\nCompanies Register and VAT no.: CHE-381.762.500<br \/>\nHead Office: Biel\/Bienne<\/p>\n<p><strong>Copyright<\/strong><\/p>\n<p>\u00a9 Copyright 2024 Andr\u00e9 Cl\u00e9men\u00e7on Contemporary Watches AG. The content of this website is protected by copyright. All rights reserved by Andr\u00e9 Cl\u00e9men\u00e7on Contemporary Watches AG or its partner companies (suppliers, providers, manufacturers etc.). Use of the content of this Site is only permitted with the express permission of the company Andr\u00e9 Cl\u00e9men\u00e7on Contemporary Watches AG.<\/p>\n<p>Programming: Andr\u00e9 Cl\u00e9men\u00e7on, Ownbit GmbH (<a href=\"https:\/\/ownbit.agency\">ownbit.agency<\/a>)<br \/>\nPhotos: Ben Montaser (<a href=\"https:\/\/www.studio-montaser.com\">Studio Montaser Berlin<\/a>), Adobe Stock, iStock by Getty Images<\/p>\n<\/div><\/div><style type=\"text\/css\">.fusion-body .fusion-builder-column-1{width:66.666666666667% !important;margin-top : 0px;margin-bottom : 20px;}.fusion-builder-column-1 > .fusion-column-wrapper {padding-top : 0px !important;padding-right : 0px !important;margin-right : 2.88%;padding-bottom : 0px !important;padding-left : 0px !important;margin-left : 2.88%;}@media only screen and (max-width:700px) {.fusion-body .fusion-builder-column-1{width:100% !important;}.fusion-builder-column-1 > .fusion-column-wrapper {margin-right : 1.92%;margin-left : 1.92%;}}@media only screen and (max-width:640px) {.fusion-body .fusion-builder-column-1{width:100% !important;}.fusion-builder-column-1 > .fusion-column-wrapper {margin-right : 1.92%;margin-left : 1.92%;}}<\/style><\/div><div class=\"fusion-layout-column fusion_builder_column fusion-builder-column-2 fusion_builder_column_1_6 1_6 fusion-flex-column\"><div class=\"fusion-column-wrapper fusion-flex-justify-content-flex-start fusion-content-layout-column\" style=\"background-position:left top;background-repeat:no-repeat;-webkit-background-size:cover;-moz-background-size:cover;-o-background-size:cover;background-size:cover;padding: 0px 0px 0px 0px;\"><\/div><style type=\"text\/css\">.fusion-body .fusion-builder-column-2{width:16.666666666667% !important;margin-top : 0px;margin-bottom : 20px;}.fusion-builder-column-2 > .fusion-column-wrapper {padding-top : 0px !important;padding-right : 0px !important;margin-right : 11.52%;padding-bottom : 0px !important;padding-left : 0px !important;margin-left : 11.52%;}@media only screen and (max-width:700px) {.fusion-body .fusion-builder-column-2{width:100% !important;}.fusion-builder-column-2 > .fusion-column-wrapper {margin-right : 1.92%;margin-left : 1.92%;}}@media only screen and (max-width:640px) {.fusion-body .fusion-builder-column-2{width:100% !important;}.fusion-builder-column-2 > .fusion-column-wrapper {margin-right : 1.92%;margin-left : 1.92%;}}<\/style><\/div><\/div><style type=\"text\/css\">.fusion-body .fusion-flex-container.fusion-builder-row-1{ padding-top : 0px;margin-top : 0px;padding-right : 0px;padding-bottom : 0px;margin-bottom : 0px;padding-left : 0px;}<\/style><\/div>\n","protected":false},"excerpt":{"rendered":"","protected":false},"author":2,"featured_media":0,"parent":0,"menu_order":0,"comment_status":"closed","ping_status":"closed","template":"","meta":{"_acf_changed":false,"footnotes":""},"class_list":["post-3390","page","type-page","status-publish","hentry"],"acf":[],"yoast_head":"<!-- This site is optimized with the Yoast SEO plugin v26.2 - https:\/\/yoast.com\/wordpress\/plugins\/seo\/ -->\n<title>Imprint - ANDRE CLEMENCON CONTEMPORARY WATCHES<\/title>\n<meta name=\"robots\" content=\"index, follow, max-snippet:-1, max-image-preview:large, max-video-preview:-1\" \/>\n<link rel=\"canonical\" href=\"https:\/\/andreclemencon.com\/en\/imprint\/\" \/>\n<meta property=\"og:locale\" content=\"en_US\" \/>\n<meta property=\"og:type\" content=\"article\" \/>\n<meta property=\"og:title\" content=\"Imprint - ANDRE CLEMENCON CONTEMPORARY WATCHES\" \/>\n<meta property=\"og:url\" content=\"https:\/\/andreclemencon.com\/en\/imprint\/\" \/>\n<meta property=\"og:site_name\" content=\"ANDRE CLEMENCON CONTEMPORARY WATCHES\" \/>\n<meta property=\"article:modified_time\" content=\"2024-10-24T10:02:53+00:00\" \/>\n<meta name=\"twitter:card\" content=\"summary_large_image\" \/>\n<meta name=\"twitter:label1\" content=\"Est. reading time\" \/>\n\t<meta name=\"twitter:data1\" content=\"2 minutes\" \/>\n<script type=\"application\/ld+json\" class=\"yoast-schema-graph\">{\"@context\":\"https:\/\/schema.org\",\"@graph\":[{\"@type\":\"WebPage\",\"@id\":\"https:\/\/andreclemencon.com\/en\/imprint\/\",\"url\":\"https:\/\/andreclemencon.com\/en\/imprint\/\",\"name\":\"Imprint - ANDRE CLEMENCON CONTEMPORARY WATCHES\",\"isPartOf\":{\"@id\":\"https:\/\/andreclemencon.com\/en\/#website\"},\"datePublished\":\"2021-01-28T14:03:52+00:00\",\"dateModified\":\"2024-10-24T10:02:53+00:00\",\"breadcrumb\":{\"@id\":\"https:\/\/andreclemencon.com\/en\/imprint\/#breadcrumb\"},\"inLanguage\":\"en-US\",\"potentialAction\":[{\"@type\":\"ReadAction\",\"target\":[\"https:\/\/andreclemencon.com\/en\/imprint\/\"]}]},{\"@type\":\"BreadcrumbList\",\"@id\":\"https:\/\/andreclemencon.com\/en\/imprint\/#breadcrumb\",\"itemListElement\":[{\"@type\":\"ListItem\",\"position\":1,\"name\":\"Home\",\"item\":\"https:\/\/andreclemencon.com\/en\/\"},{\"@type\":\"ListItem\",\"position\":2,\"name\":\"Imprint\"}]},{\"@type\":\"WebSite\",\"@id\":\"https:\/\/andreclemencon.com\/en\/#website\",\"url\":\"https:\/\/andreclemencon.com\/en\/\",\"name\":\"ANDRE CLEMENCON CONTEMPORARY WATCHES\",\"description\":\"Watches inspired by Tattoo Art\",\"potentialAction\":[{\"@type\":\"SearchAction\",\"target\":{\"@type\":\"EntryPoint\",\"urlTemplate\":\"https:\/\/andreclemencon.com\/en\/?s={search_term_string}\"},\"query-input\":{\"@type\":\"PropertyValueSpecification\",\"valueRequired\":true,\"valueName\":\"search_term_string\"}}],\"inLanguage\":\"en-US\"}]}<\/script>\n<!-- \/ Yoast SEO plugin. -->","yoast_head_json":{"title":"Imprint - ANDRE CLEMENCON CONTEMPORARY WATCHES","robots":{"index":"index","follow":"follow","max-snippet":"max-snippet:-1","max-image-preview":"max-image-preview:large","max-video-preview":"max-video-preview:-1"},"canonical":"https:\/\/andreclemencon.com\/en\/imprint\/","og_locale":"en_US","og_type":"article","og_title":"Imprint - ANDRE CLEMENCON CONTEMPORARY WATCHES","og_url":"https:\/\/andreclemencon.com\/en\/imprint\/","og_site_name":"ANDRE CLEMENCON CONTEMPORARY WATCHES","article_modified_time":"2024-10-24T10:02:53+00:00","twitter_card":"summary_large_image","twitter_misc":{"Est. reading time":"2 minutes"},"schema":{"@context":"https:\/\/schema.org","@graph":[{"@type":"WebPage","@id":"https:\/\/andreclemencon.com\/en\/imprint\/","url":"https:\/\/andreclemencon.com\/en\/imprint\/","name":"Imprint - ANDRE CLEMENCON CONTEMPORARY WATCHES","isPartOf":{"@id":"https:\/\/andreclemencon.com\/en\/#website"},"datePublished":"2021-01-28T14:03:52+00:00","dateModified":"2024-10-24T10:02:53+00:00","breadcrumb":{"@id":"https:\/\/andreclemencon.com\/en\/imprint\/#breadcrumb"},"inLanguage":"en-US","potentialAction":[{"@type":"ReadAction","target":["https:\/\/andreclemencon.com\/en\/imprint\/"]}]},{"@type":"BreadcrumbList","@id":"https:\/\/andreclemencon.com\/en\/imprint\/#breadcrumb","itemListElement":[{"@type":"ListItem","position":1,"name":"Home","item":"https:\/\/andreclemencon.com\/en\/"},{"@type":"ListItem","position":2,"name":"Imprint"}]},{"@type":"WebSite","@id":"https:\/\/andreclemencon.com\/en\/#website","url":"https:\/\/andreclemencon.com\/en\/","name":"ANDRE CLEMENCON CONTEMPORARY WATCHES","description":"Watches inspired by Tattoo Art","potentialAction":[{"@type":"SearchAction","target":{"@type":"EntryPoint","urlTemplate":"https:\/\/andreclemencon.com\/en\/?s={search_term_string}"},"query-input":{"@type":"PropertyValueSpecification","valueRequired":true,"valueName":"search_term_string"}}],"inLanguage":"en-US"}]}},"_links":{"self":[{"href":"https:\/\/andreclemencon.com\/en\/wp-json\/wp\/v2\/pages\/3390","targetHints":{"allow":["GET"]}}],"collection":[{"href":"https:\/\/andreclemencon.com\/en\/wp-json\/wp\/v2\/pages"}],"about":[{"href":"https:\/\/andreclemencon.com\/en\/wp-json\/wp\/v2\/types\/page"}],"author":[{"embeddable":true,"href":"https:\/\/andreclemencon.com\/en\/wp-json\/wp\/v2\/users\/2"}],"replies":[{"embeddable":true,"href":"https:\/\/andreclemencon.com\/en\/wp-json\/wp\/v2\/comments?post=3390"}],"version-history":[{"count":4,"href":"https:\/\/andreclemencon.com\/en\/wp-json\/wp\/v2\/pages\/3390\/revisions"}],"predecessor-version":[{"id":5084,"href":"https:\/\/andreclemencon.com\/en\/wp-json\/wp\/v2\/pages\/3390\/revisions\/5084"}],"wp:attachment":[{"href":"https:\/\/andreclemencon.com\/en\/wp-json\/wp\/v2\/media?parent=3390"}],"curies":[{"name":"wp","href":"https:\/\/api.w.org\/{rel}","templated":true}]}}