{"id":3500,"date":"2021-01-30T14:25:13","date_gmt":"2021-01-30T13:25:13","guid":{"rendered":"https:\/\/cp4us.andreclemencon.com\/?page_id=3500"},"modified":"2021-03-02T18:53:38","modified_gmt":"2021-03-02T17:53:38","slug":"weird-stuff-2","status":"publish","type":"page","link":"https:\/\/andreclemencon.com\/en\/weird-stuff-2\/","title":{"rendered":"Weird Stuff"},"content":{"rendered":"<p><div class=\"fusion-fullwidth fullwidth-box fusion-builder-row-1 fusion-flex-container nonhundred-percent-fullwidth non-hundred-percent-height-scrolling\" style=\"background-color: #ffffff;background-position: center center;background-repeat: no-repeat;border-width: 0px 0px 0px 0px;border-color:#eae9e9;border-style:solid;\" ><div class=\"fusion-builder-row fusion-row fusion-flex-align-items-flex-start\" style=\"max-width:1248px;margin-left: calc(-4% \/ 2 );margin-right: calc(-4% \/ 2 );\"><div class=\"fusion-layout-column fusion_builder_column fusion-builder-column-0 fusion_builder_column_1_1 1_1 fusion-flex-column fusion-no-small-visibility\"><div class=\"fusion-column-wrapper fusion-flex-justify-content-flex-start fusion-content-layout-column\" style=\"background-position:left top;background-repeat:no-repeat;-webkit-background-size:cover;-moz-background-size:cover;-o-background-size:cover;background-size:cover;padding: 0px 0px 0px 0px;\"><div class=\"fusion-separator fusion-full-width-sep\" style=\"align-self: center;margin-left: auto;margin-right: auto;margin-top:30px;width:100%;\"><\/div><\/div><style type=\"text\/css\">.fusion-body .fusion-builder-column-0{width:100% !important;margin-top : 0px;margin-bottom : 20px;}.fusion-builder-column-0 > .fusion-column-wrapper {padding-top : 0px !important;padding-right : 0px !important;margin-right : 1.92%;padding-bottom : 0px !important;padding-left : 0px !important;margin-left : 1.92%;}@media only screen and (max-width:700px) {.fusion-body .fusion-builder-column-0{width:100% !important;order : 0;}.fusion-builder-column-0 > .fusion-column-wrapper {margin-right : 1.92%;margin-left : 1.92%;}}@media only screen and (max-width:640px) {.fusion-body .fusion-builder-column-0{width:100% !important;order : 0;}.fusion-builder-column-0 > .fusion-column-wrapper {margin-right : 1.92%;margin-left : 1.92%;}}<\/style><\/div><\/div><style type=\"text\/css\">.fusion-body .fusion-flex-container.fusion-builder-row-1{ padding-top : 0px;margin-top : 0px;padding-right : 0px;padding-bottom : 0px;margin-bottom : 0px;padding-left : 0px;}<\/style><\/div><div class=\"fusion-fullwidth fullwidth-box fusion-builder-row-2 fusion-flex-container nonhundred-percent-fullwidth non-hundred-percent-height-scrolling\" style=\"background-color: #ffffff;background-position: center center;background-repeat: no-repeat;border-width: 0px 0px 0px 0px;border-color:#eae9e9;border-style:solid;\" ><div class=\"fusion-builder-row fusion-row fusion-flex-align-items-flex-start\" style=\"max-width:1248px;margin-left: calc(-4% \/ 2 );margin-right: calc(-4% \/ 2 );\"><div class=\"fusion-layout-column fusion_builder_column fusion-builder-column-1 fusion_builder_column_1_1 1_1 fusion-flex-column\"><div class=\"fusion-column-wrapper fusion-flex-justify-content-flex-start fusion-content-layout-column\" style=\"background-position:left top;background-repeat:no-repeat;-webkit-background-size:cover;-moz-background-size:cover;-o-background-size:cover;background-size:cover;padding: 0px 0px 0px 0px;\"><div class=\"fusion-recent-posts fusion-recent-posts-1 avada-container layout-default layout-columns-1 fusion-recent-posts-left\"><section class=\"fusion-columns columns fusion-columns-1 columns-1\"><article class=\"post fusion-column column col col-lg-12 col-md-12 col-sm-12\"><div class=\"fusion-flexslider fusion-flexslider-loading flexslider flexslider-hover-type-none\"><ul class=\"slides\"><li><a href=\"https:\/\/andreclemencon.com\/en\/2021\/09\/29\/6-13-kg-concentrated-tattoo-art\/\" aria-label=\"6.13 kg Concentrated Tattoo Art\" class=\"hover-type-none\"><img decoding=\"async\" width=\"700\" height=\"441\" src=\"https:\/\/andreclemencon.com\/wp-content\/uploads\/2021\/09\/taschen_tattoo_blog_titel-700x441.jpg\" class=\"attachment-recent-posts size-recent-posts\" alt=\"\" srcset=\"https:\/\/andreclemencon.com\/wp-content\/uploads\/2021\/09\/taschen_tattoo_blog_titel-320x202.jpg 320w, https:\/\/andreclemencon.com\/wp-content\/uploads\/2021\/09\/taschen_tattoo_blog_titel-700x441.jpg 700w\" sizes=\"(max-width: 700px) 100vw, 700px\" \/><\/a><\/li><\/ul><\/div><div class=\"recent-posts-content\"><span class=\"vcard\" style=\"display: none;\"><span class=\"fn\"><a href=\"https:\/\/andreclemencon.com\/en\/author\/andre-clemencon\/\" title=\"Posts by Andr\u00e9 Cl\u00e9men\u00e7on\" rel=\"author\">Andr\u00e9 Cl\u00e9men\u00e7on<\/a><\/span><\/span><span class=\"updated\" style=\"display:none;\">2021-10-01T14:58:02+02:00<\/span><h4 class=\"entry-title\"><a href=\"https:\/\/andreclemencon.com\/en\/2021\/09\/29\/6-13-kg-concentrated-tattoo-art\/\">6.13 kg Concentrated Tattoo Art<\/a><\/h4><p> The publishers Taschen have brought a veritable heavyweight of a book on tattoo art to the shelves of tattoo enthusiasts \u2013 the wonderful \u201cTATTOO. 1730s-1970s. Henk Schiffmacher\u2019s Private Collection\u201d. The legendary tattoo artist and [...]<\/p><\/div><\/article><\/section><\/div><div class=\"fusion-recent-posts fusion-recent-posts-2 avada-container layout-default layout-columns-3 fusion-recent-posts-left\"><section class=\"fusion-columns columns fusion-columns-3 columns-3\"><article class=\"post fusion-column column col col-lg-4 col-md-4 col-sm-4\"><div class=\"fusion-flexslider fusion-flexslider-loading flexslider flexslider-hover-type-zoomin\"><ul class=\"slides\"><li><a href=\"https:\/\/andreclemencon.com\/en\/2021\/09\/29\/karl-frey-dot-for-dot-to-a-complete-work-of-art\/\" aria-label=\"Karl Frey: Dot for Dot to a Complete Work of Art\" class=\"hover-type-zoomin\"><img decoding=\"async\" width=\"700\" height=\"441\" src=\"https:\/\/andreclemencon.com\/wp-content\/uploads\/2021\/09\/karl_frey_tattoo_titel-700x441.jpg\" class=\"attachment-recent-posts size-recent-posts\" alt=\"\" srcset=\"https:\/\/andreclemencon.com\/wp-content\/uploads\/2021\/09\/karl_frey_tattoo_titel-320x202.jpg 320w, https:\/\/andreclemencon.com\/wp-content\/uploads\/2021\/09\/karl_frey_tattoo_titel-700x441.jpg 700w\" sizes=\"(max-width: 700px) 100vw, 700px\" \/><\/a><\/li><\/ul><\/div><div class=\"recent-posts-content\"><span class=\"vcard\" style=\"display: none;\"><span class=\"fn\"><a href=\"https:\/\/andreclemencon.com\/en\/author\/andre-clemencon\/\" title=\"Posts by Andr\u00e9 Cl\u00e9men\u00e7on\" rel=\"author\">Andr\u00e9 Cl\u00e9men\u00e7on<\/a><\/span><\/span><span class=\"updated\" style=\"display:none;\">2021-10-01T14:49:21+02:00<\/span><h4 class=\"entry-title\"><a href=\"https:\/\/andreclemencon.com\/en\/2021\/09\/29\/karl-frey-dot-for-dot-to-a-complete-work-of-art\/\">Karl Frey: Dot for Dot to a Complete Work of Art<\/a><\/h4><p> Tattoo Artist of the Month: Karl Frey of Studio Kreuzstich in Berlin is the [...]<\/p><\/div><\/article><article class=\"post fusion-column column col col-lg-4 col-md-4 col-sm-4\"><div class=\"fusion-flexslider fusion-flexslider-loading flexslider flexslider-hover-type-zoomin\"><ul class=\"slides\"><li><a href=\"https:\/\/andreclemencon.com\/en\/2021\/02\/02\/tattoos-and-ties-the-ultimate-look\/\" aria-label=\"TATTOOS AND TIES \u2013 THE ULTIMATE LOOK!\" class=\"hover-type-zoomin\"><img decoding=\"async\" width=\"700\" height=\"441\" src=\"https:\/\/andreclemencon.com\/wp-content\/uploads\/2020\/12\/blog_krawatten_tattoos-700x441.jpg\" class=\"attachment-recent-posts size-recent-posts\" alt=\"\" srcset=\"https:\/\/andreclemencon.com\/wp-content\/uploads\/2020\/12\/blog_krawatten_tattoos-320x202.jpg 320w, https:\/\/andreclemencon.com\/wp-content\/uploads\/2020\/12\/blog_krawatten_tattoos-700x441.jpg 700w\" sizes=\"(max-width: 700px) 100vw, 700px\" \/><\/a><\/li><\/ul><\/div><div class=\"recent-posts-content\"><span class=\"vcard\" style=\"display: none;\"><span class=\"fn\"><a href=\"https:\/\/andreclemencon.com\/en\/author\/andre-clemencon\/\" title=\"Posts by Andr\u00e9 Cl\u00e9men\u00e7on\" rel=\"author\">Andr\u00e9 Cl\u00e9men\u00e7on<\/a><\/span><\/span><span class=\"updated\" style=\"display:none;\">2021-09-01T15:14:50+02:00<\/span><h4 class=\"entry-title\"><a href=\"https:\/\/andreclemencon.com\/en\/2021\/02\/02\/tattoos-and-ties-the-ultimate-look\/\">TATTOOS AND TIES \u2013 THE ULTIMATE LOOK!<\/a><\/h4><p> Ties are dull, conservative and solely for businessmen? Far from the truth: Ties are [...]<\/p><\/div><\/article><article class=\"post fusion-column column col col-lg-4 col-md-4 col-sm-4\"><div class=\"fusion-flexslider fusion-flexslider-loading flexslider flexslider-hover-type-zoomin\"><ul class=\"slides\"><li><a href=\"https:\/\/andreclemencon.com\/en\/2021\/02\/02\/like-a-fish-in-water\/\" aria-label=\"LIKE A FISH IN WATER\" class=\"hover-type-zoomin\"><img decoding=\"async\" width=\"700\" height=\"441\" src=\"https:\/\/andreclemencon.com\/wp-content\/uploads\/2020\/12\/blog_koi_andre_clemencon-700x441.jpg\" class=\"attachment-recent-posts size-recent-posts\" alt=\"\" srcset=\"https:\/\/andreclemencon.com\/wp-content\/uploads\/2020\/12\/blog_koi_andre_clemencon-320x202.jpg 320w, https:\/\/andreclemencon.com\/wp-content\/uploads\/2020\/12\/blog_koi_andre_clemencon-700x441.jpg 700w\" sizes=\"(max-width: 700px) 100vw, 700px\" \/><\/a><\/li><\/ul><\/div><div class=\"recent-posts-content\"><span class=\"vcard\" style=\"display: none;\"><span class=\"fn\"><a href=\"https:\/\/andreclemencon.com\/en\/author\/andre-clemencon\/\" title=\"Posts by Andr\u00e9 Cl\u00e9men\u00e7on\" rel=\"author\">Andr\u00e9 Cl\u00e9men\u00e7on<\/a><\/span><\/span><span class=\"updated\" style=\"display:none;\">2021-07-01T17:28:32+02:00<\/span><h4 class=\"entry-title\"><a href=\"https:\/\/andreclemencon.com\/en\/2021\/02\/02\/like-a-fish-in-water\/\">LIKE A FISH IN WATER<\/a><\/h4><p> The koi is not only a wonderful creature, it is also a tattoo motive [...]<\/p><\/div><\/article><\/section><\/div><\/div><style type=\"text\/css\">.fusion-body .fusion-builder-column-1{width:100% !important;margin-top : 0px;margin-bottom : 20px;}.fusion-builder-column-1 > .fusion-column-wrapper {padding-top : 0px !important;padding-right : 0px !important;margin-right : 1.92%;padding-bottom : 0px !important;padding-left : 0px !important;margin-left : 1.92%;}@media only screen and (max-width:700px) {.fusion-body .fusion-builder-column-1{width:100% !important;order : 0;}.fusion-builder-column-1 > .fusion-column-wrapper {margin-right : 1.92%;margin-left : 1.92%;}}@media only screen and (max-width:640px) {.fusion-body .fusion-builder-column-1{width:100% !important;order : 0;}.fusion-builder-column-1 > .fusion-column-wrapper {margin-right : 1.92%;margin-left : 1.92%;}}<\/style><\/div><\/div><style type=\"text\/css\">.fusion-body .fusion-flex-container.fusion-builder-row-2{ padding-top : 0px;margin-top : 0px;padding-right : 0px;padding-bottom : 0px;margin-bottom : 0px;padding-left : 0px;}<\/style><\/div><div class=\"fusion-fullwidth fullwidth-box fusion-builder-row-3 fusion-flex-container nonhundred-percent-fullwidth non-hundred-percent-height-scrolling\" style=\"background-color: #ffffff;background-position: center center;background-repeat: no-repeat;border-width: 1px 0 0 0;border-color:#eae9e9;border-style:solid;\" ><div class=\"fusion-builder-row fusion-row fusion-flex-align-items-flex-start fusion-flex-justify-content-center\" style=\"max-width:1248px;margin-left: calc(-4% \/ 2 );margin-right: calc(-4% \/ 2 );\"><div class=\"fusion-layout-column fusion_builder_column fusion-builder-column-2 fusion_builder_column_1_4 1_4 fusion-flex-column\"><div class=\"fusion-column-wrapper fusion-flex-justify-content-flex-start fusion-content-layout-column\" style=\"background-position:left top;background-repeat:no-repeat;-webkit-background-size:cover;-moz-background-size:cover;-o-background-size:cover;background-size:cover;padding: 30px 0px 35px 0px;\"><div ><span class=\" fusion-imageframe imageframe-none imageframe-1 hover-type-none\"><a class=\"fusion-no-lightbox\" href=\"https:\/\/andreclemencon.com\/produkt\/the-irezumi-fine-arts-koi-on-black\/\" target=\"_self\" aria-label=\"irezumi_black_1\"><img decoding=\"async\" width=\"1800\" height=\"1800\" src=\"https:\/\/andreclemencon.com\/wp-content\/uploads\/2020\/12\/irezumi_black_1.jpg\" alt class=\"img-responsive wp-image-2514\" srcset=\"https:\/\/andreclemencon.com\/wp-content\/uploads\/2020\/12\/irezumi_black_1-200x200.jpg 200w, https:\/\/andreclemencon.com\/wp-content\/uploads\/2020\/12\/irezumi_black_1-400x400.jpg 400w, https:\/\/andreclemencon.com\/wp-content\/uploads\/2020\/12\/irezumi_black_1-600x600.jpg 600w, https:\/\/andreclemencon.com\/wp-content\/uploads\/2020\/12\/irezumi_black_1-800x800.jpg 800w, https:\/\/andreclemencon.com\/wp-content\/uploads\/2020\/12\/irezumi_black_1-1200x1200.jpg 1200w, https:\/\/andreclemencon.com\/wp-content\/uploads\/2020\/12\/irezumi_black_1.jpg 1800w\" sizes=\"(max-width: 700px) 100vw, (max-width: 640px) 100vw, 400px\" \/><\/a><\/span><\/div><div class=\"fusion-separator fusion-full-width-sep\" style=\"align-self: center;margin-left: auto;margin-right: auto;margin-top:10px;margin-bottom:0px;width:100%;\"><\/div><style type=\"text\/css\">@media only screen and (max-width:700px) {.fusion-title.fusion-title-1{margin-top:0px!important; margin-right:0px!important;margin-bottom:0px!important;margin-left:0px!important;}}@media only screen and (max-width:640px) {.fusion-title.fusion-title-1{margin-top:0px!important; margin-right:0px!important;margin-bottom:20px!important; margin-left:0px!important;}}<\/style><div class=\"fusion-title title fusion-title-1 fusion-title-center fusion-title-text fusion-title-size-six\" style=\"margin-top:0px;margin-right:0px;margin-bottom:0px;margin-left:0px;\"><div class=\"title-sep-container title-sep-container-left\"><div class=\"title-sep sep-\" style=\"border-color:#e0dede;\"><\/div><\/div><span class=\"awb-title-spacer\"><\/span><h6 class=\"title-heading-center\" style=\"margin:0;line-height:22px;\">The Irezumi Fine Arts: Koi on Black<\/h6><span class=\"awb-title-spacer\"><\/span><div class=\"title-sep-container title-sep-container-right\"><div class=\"title-sep sep-\" style=\"border-color:#e0dede;\"><\/div><\/div><\/div><\/div><style type=\"text\/css\">.fusion-body .fusion-builder-column-2{width:25% !important;margin-top : 0px;margin-bottom : 0px;}.fusion-builder-column-2 > .fusion-column-wrapper {padding-top : 30px !important;padding-right : 0px !important;margin-right : 7.68%;padding-bottom : 35px !important;padding-left : 0px !important;margin-left : 7.68%;}@media only screen and (max-width:700px) {.fusion-body .fusion-builder-column-2{width:100% !important;order : 0;}.fusion-builder-column-2 > .fusion-column-wrapper {margin-right : 1.92%;margin-left : 1.92%;}}@media only screen and (max-width:640px) {.fusion-body .fusion-builder-column-2{width:100% !important;order : 0;}.fusion-builder-column-2 > .fusion-column-wrapper {margin-right : 1.92%;margin-left : 1.92%;}}<\/style><\/div><div class=\"fusion-layout-column fusion_builder_column fusion-builder-column-3 fusion_builder_column_1_4 1_4 fusion-flex-column fusion-flex-align-self-stretch\"><div class=\"fusion-column-wrapper fusion-flex-justify-content-center fusion-content-layout-column\" style=\"background-position:left top;background-repeat:no-repeat;-webkit-background-size:cover;-moz-background-size:cover;-o-background-size:cover;background-size:cover;background-color:#000000;padding: 10px 25px 0px 25px;\"><style type=\"text\/css\">@media only screen and (max-width:700px) {.fusion-title.fusion-title-2{margin-top:0px!important; margin-right:0px!important;margin-bottom:20px!important;margin-left:0px!important;}}@media only screen and (max-width:640px) {.fusion-title.fusion-title-2{margin-top:0px!important; margin-right:0px!important;margin-bottom:20px!important; margin-left:0px!important;}}<\/style><div class=\"fusion-title title fusion-title-2 fusion-title-center fusion-title-text fusion-title-size-four\" style=\"margin-top:0px;margin-right:0px;margin-bottom:20px;margin-left:0px;\"><div class=\"title-sep-container title-sep-container-left\"><div class=\"title-sep sep-\" style=\"border-color:#e0dede;\"><\/div><\/div><span class=\"awb-title-spacer\"><\/span><h4 class=\"title-heading-center\" style=\"margin:0;color:#ffffff;\">DISCOVER IT NOW<\/h4><span class=\"awb-title-spacer\"><\/span><div class=\"title-sep-container title-sep-container-right\"><div class=\"title-sep sep-\" style=\"border-color:#e0dede;\"><\/div><\/div><\/div><div class=\"fusion-separator\" style=\"align-self: center;margin-left: auto;margin-right: auto;margin-bottom:25px;width:100%;max-width:30px;\"><div class=\"fusion-separator-border sep-single sep-solid\" style=\"border-color:#e0dede;border-top-width:1px;\"><\/div><\/div><div class=\"fusion-text fusion-text-1\" style=\"font-size:14px;color:#ffffff;\"><p style=\"text-align: center;\">A homage to Japanese tattoo art and a symbol of strength, determination and ambition: The Irezumi Fine Arts Wristwatch with a hand-painted koi.<\/p>\n<\/div><\/div><style type=\"text\/css\">.fusion-body .fusion-builder-column-3{width:25% !important;margin-top : 20px;margin-bottom : 40px;}.fusion-builder-column-3 > .fusion-column-wrapper {padding-top : 10px !important;padding-right : 25px !important;margin-right : 0%;padding-bottom : 0px !important;padding-left : 25px !important;margin-left : 0px;}@media only screen and (max-width:700px) {.fusion-body .fusion-builder-column-3{width:100% !important;order : 0;}.fusion-builder-column-3 > .fusion-column-wrapper {margin-right : 1.92%;margin-left : 1.92%;}}@media only screen and (max-width:640px) {.fusion-body .fusion-builder-column-3{width:100% !important;order : 0;}.fusion-builder-column-3 > .fusion-column-wrapper {padding-top : 65px !important;margin-right : 1.92%;padding-bottom : 65px !important;margin-left : 1.92%;}}<\/style><\/div><div class=\"fusion-layout-column fusion_builder_column fusion-builder-column-4 fusion_builder_column_1_4 1_4 fusion-flex-column\"><div class=\"fusion-column-wrapper fusion-flex-justify-content-flex-start fusion-content-layout-column\" style=\"background-position:left top;background-repeat:no-repeat;-webkit-background-size:cover;-moz-background-size:cover;-o-background-size:cover;background-size:cover;padding: 30px 0px 35px 0px;\"><div ><span class=\" fusion-imageframe imageframe-none imageframe-2 hover-type-none\"><a class=\"fusion-no-lightbox\" href=\"https:\/\/andreclemencon.com\/produkt\/irezumi_fine_arts_koi_white\/\" target=\"_self\" aria-label=\"irezumi_white_1\"><img decoding=\"async\" width=\"1800\" height=\"1800\" src=\"https:\/\/andreclemencon.com\/wp-content\/uploads\/2020\/12\/irezumi_white_1.jpg\" alt class=\"img-responsive wp-image-2532\" srcset=\"https:\/\/andreclemencon.com\/wp-content\/uploads\/2020\/12\/irezumi_white_1-200x200.jpg 200w, https:\/\/andreclemencon.com\/wp-content\/uploads\/2020\/12\/irezumi_white_1-400x400.jpg 400w, https:\/\/andreclemencon.com\/wp-content\/uploads\/2020\/12\/irezumi_white_1-600x600.jpg 600w, https:\/\/andreclemencon.com\/wp-content\/uploads\/2020\/12\/irezumi_white_1-800x800.jpg 800w, https:\/\/andreclemencon.com\/wp-content\/uploads\/2020\/12\/irezumi_white_1-1200x1200.jpg 1200w, https:\/\/andreclemencon.com\/wp-content\/uploads\/2020\/12\/irezumi_white_1.jpg 1800w\" sizes=\"(max-width: 700px) 100vw, (max-width: 640px) 100vw, 400px\" \/><\/a><\/span><\/div><div class=\"fusion-separator fusion-full-width-sep\" style=\"align-self: center;margin-left: auto;margin-right: auto;margin-top:10px;margin-bottom:0px;width:100%;\"><\/div><style type=\"text\/css\">@media only screen and (max-width:700px) {.fusion-title.fusion-title-3{margin-top:0px!important; margin-right:0px!important;margin-bottom:0px!important;margin-left:0px!important;}}@media only screen and (max-width:640px) {.fusion-title.fusion-title-3{margin-top:0px!important; margin-right:0px!important;margin-bottom:20px!important; margin-left:0px!important;}}<\/style><div class=\"fusion-title title fusion-title-3 fusion-title-center fusion-title-text fusion-title-size-six\" style=\"margin-top:0px;margin-right:0px;margin-bottom:0px;margin-left:0px;\"><div class=\"title-sep-container title-sep-container-left\"><div class=\"title-sep sep-\" style=\"border-color:#e0dede;\"><\/div><\/div><span class=\"awb-title-spacer\"><\/span><h6 class=\"title-heading-center\" style=\"margin:0;line-height:22px;\">The Irezumi Fine Arts: Koi on White<\/h6><span class=\"awb-title-spacer\"><\/span><div class=\"title-sep-container title-sep-container-right\"><div class=\"title-sep sep-\" style=\"border-color:#e0dede;\"><\/div><\/div><\/div><\/div><style type=\"text\/css\">.fusion-body .fusion-builder-column-4{width:25% !important;margin-top : 0px;margin-bottom : 0px;}.fusion-builder-column-4 > .fusion-column-wrapper {padding-top : 30px !important;padding-right : 0px !important;margin-right : 7.68%;padding-bottom : 35px !important;padding-left : 0px !important;margin-left : 7.68%;}@media only screen and (max-width:700px) {.fusion-body .fusion-builder-column-4{width:100% !important;order : 0;}.fusion-builder-column-4 > .fusion-column-wrapper {margin-right : 1.92%;margin-left : 1.92%;}}@media only screen and (max-width:640px) {.fusion-body .fusion-builder-column-4{width:100% !important;order : 0;}.fusion-builder-column-4 > .fusion-column-wrapper {margin-right : 1.92%;margin-left : 1.92%;}}<\/style><\/div><\/div><style type=\"text\/css\">.fusion-body .fusion-flex-container.fusion-builder-row-3{ padding-top : 35px;margin-top : 20px;padding-right : 0px;padding-bottom : 0px;margin-bottom : 0px;padding-left : 0px;}<\/style><\/div><\/p>\n","protected":false},"excerpt":{"rendered":"","protected":false},"author":2,"featured_media":0,"parent":0,"menu_order":0,"comment_status":"closed","ping_status":"closed","template":"","meta":{"_acf_changed":false,"footnotes":""},"class_list":["post-3500","page","type-page","status-publish","hentry"],"acf":[],"yoast_head":"<!-- This site is optimized with the Yoast SEO plugin v26.2 - https:\/\/yoast.com\/wordpress\/plugins\/seo\/ -->\n<title>Weird Stuff - ANDRE CLEMENCON CONTEMPORARY WATCHES<\/title>\n<meta name=\"robots\" content=\"index, follow, max-snippet:-1, max-image-preview:large, max-video-preview:-1\" \/>\n<link rel=\"canonical\" href=\"https:\/\/andreclemencon.com\/en\/weird-stuff-2\/\" \/>\n<meta property=\"og:locale\" content=\"en_US\" \/>\n<meta property=\"og:type\" content=\"article\" \/>\n<meta property=\"og:title\" content=\"Weird Stuff - ANDRE CLEMENCON CONTEMPORARY WATCHES\" \/>\n<meta property=\"og:url\" content=\"https:\/\/andreclemencon.com\/en\/weird-stuff-2\/\" \/>\n<meta property=\"og:site_name\" content=\"ANDRE CLEMENCON CONTEMPORARY WATCHES\" \/>\n<meta property=\"article:modified_time\" content=\"2021-03-02T17:53:38+00:00\" \/>\n<meta name=\"twitter:card\" content=\"summary_large_image\" \/>\n<meta name=\"twitter:label1\" content=\"Est. reading time\" \/>\n\t<meta name=\"twitter:data1\" content=\"13 minutes\" \/>\n<script type=\"application\/ld+json\" class=\"yoast-schema-graph\">{\"@context\":\"https:\/\/schema.org\",\"@graph\":[{\"@type\":\"WebPage\",\"@id\":\"https:\/\/andreclemencon.com\/en\/weird-stuff-2\/\",\"url\":\"https:\/\/andreclemencon.com\/en\/weird-stuff-2\/\",\"name\":\"Weird Stuff - ANDRE CLEMENCON CONTEMPORARY WATCHES\",\"isPartOf\":{\"@id\":\"https:\/\/andreclemencon.com\/en\/#website\"},\"datePublished\":\"2021-01-30T13:25:13+00:00\",\"dateModified\":\"2021-03-02T17:53:38+00:00\",\"breadcrumb\":{\"@id\":\"https:\/\/andreclemencon.com\/en\/weird-stuff-2\/#breadcrumb\"},\"inLanguage\":\"en-US\",\"potentialAction\":[{\"@type\":\"ReadAction\",\"target\":[\"https:\/\/andreclemencon.com\/en\/weird-stuff-2\/\"]}]},{\"@type\":\"BreadcrumbList\",\"@id\":\"https:\/\/andreclemencon.com\/en\/weird-stuff-2\/#breadcrumb\",\"itemListElement\":[{\"@type\":\"ListItem\",\"position\":1,\"name\":\"Home\",\"item\":\"https:\/\/andreclemencon.com\/en\/\"},{\"@type\":\"ListItem\",\"position\":2,\"name\":\"Weird Stuff\"}]},{\"@type\":\"WebSite\",\"@id\":\"https:\/\/andreclemencon.com\/en\/#website\",\"url\":\"https:\/\/andreclemencon.com\/en\/\",\"name\":\"ANDRE CLEMENCON CONTEMPORARY WATCHES\",\"description\":\"Watches inspired by Tattoo Art\",\"potentialAction\":[{\"@type\":\"SearchAction\",\"target\":{\"@type\":\"EntryPoint\",\"urlTemplate\":\"https:\/\/andreclemencon.com\/en\/?s={search_term_string}\"},\"query-input\":{\"@type\":\"PropertyValueSpecification\",\"valueRequired\":true,\"valueName\":\"search_term_string\"}}],\"inLanguage\":\"en-US\"}]}<\/script>\n<!-- \/ Yoast SEO plugin. -->","yoast_head_json":{"title":"Weird Stuff - ANDRE CLEMENCON CONTEMPORARY WATCHES","robots":{"index":"index","follow":"follow","max-snippet":"max-snippet:-1","max-image-preview":"max-image-preview:large","max-video-preview":"max-video-preview:-1"},"canonical":"https:\/\/andreclemencon.com\/en\/weird-stuff-2\/","og_locale":"en_US","og_type":"article","og_title":"Weird Stuff - ANDRE CLEMENCON CONTEMPORARY WATCHES","og_url":"https:\/\/andreclemencon.com\/en\/weird-stuff-2\/","og_site_name":"ANDRE CLEMENCON CONTEMPORARY WATCHES","article_modified_time":"2021-03-02T17:53:38+00:00","twitter_card":"summary_large_image","twitter_misc":{"Est. reading time":"13 minutes"},"schema":{"@context":"https:\/\/schema.org","@graph":[{"@type":"WebPage","@id":"https:\/\/andreclemencon.com\/en\/weird-stuff-2\/","url":"https:\/\/andreclemencon.com\/en\/weird-stuff-2\/","name":"Weird Stuff - ANDRE CLEMENCON CONTEMPORARY WATCHES","isPartOf":{"@id":"https:\/\/andreclemencon.com\/en\/#website"},"datePublished":"2021-01-30T13:25:13+00:00","dateModified":"2021-03-02T17:53:38+00:00","breadcrumb":{"@id":"https:\/\/andreclemencon.com\/en\/weird-stuff-2\/#breadcrumb"},"inLanguage":"en-US","potentialAction":[{"@type":"ReadAction","target":["https:\/\/andreclemencon.com\/en\/weird-stuff-2\/"]}]},{"@type":"BreadcrumbList","@id":"https:\/\/andreclemencon.com\/en\/weird-stuff-2\/#breadcrumb","itemListElement":[{"@type":"ListItem","position":1,"name":"Home","item":"https:\/\/andreclemencon.com\/en\/"},{"@type":"ListItem","position":2,"name":"Weird Stuff"}]},{"@type":"WebSite","@id":"https:\/\/andreclemencon.com\/en\/#website","url":"https:\/\/andreclemencon.com\/en\/","name":"ANDRE CLEMENCON CONTEMPORARY WATCHES","description":"Watches inspired by Tattoo Art","potentialAction":[{"@type":"SearchAction","target":{"@type":"EntryPoint","urlTemplate":"https:\/\/andreclemencon.com\/en\/?s={search_term_string}"},"query-input":{"@type":"PropertyValueSpecification","valueRequired":true,"valueName":"search_term_string"}}],"inLanguage":"en-US"}]}},"_links":{"self":[{"href":"https:\/\/andreclemencon.com\/en\/wp-json\/wp\/v2\/pages\/3500","targetHints":{"allow":["GET"]}}],"collection":[{"href":"https:\/\/andreclemencon.com\/en\/wp-json\/wp\/v2\/pages"}],"about":[{"href":"https:\/\/andreclemencon.com\/en\/wp-json\/wp\/v2\/types\/page"}],"author":[{"embeddable":true,"href":"https:\/\/andreclemencon.com\/en\/wp-json\/wp\/v2\/users\/2"}],"replies":[{"embeddable":true,"href":"https:\/\/andreclemencon.com\/en\/wp-json\/wp\/v2\/comments?post=3500"}],"version-history":[{"count":5,"href":"https:\/\/andreclemencon.com\/en\/wp-json\/wp\/v2\/pages\/3500\/revisions"}],"predecessor-version":[{"id":4234,"href":"https:\/\/andreclemencon.com\/en\/wp-json\/wp\/v2\/pages\/3500\/revisions\/4234"}],"wp:attachment":[{"href":"https:\/\/andreclemencon.com\/en\/wp-json\/wp\/v2\/media?parent=3500"}],"curies":[{"name":"wp","href":"https:\/\/api.w.org\/{rel}","templated":true}]}}