{"id":3760,"date":"2021-01-05T11:13:22","date_gmt":"2021-01-05T10:13:22","guid":{"rendered":"https:\/\/cp4us.andreclemencon.com\/produkt\/irezumi_fine_arts_koi_white\/"},"modified":"2024-10-24T13:26:02","modified_gmt":"2024-10-24T11:26:02","slug":"irezumi_fine_arts_koi_white","status":"publish","type":"product","link":"https:\/\/andreclemencon.com\/en\/produkt\/irezumi_fine_arts_koi_white\/","title":{"rendered":"The Irezumi Fine Arts: Koi on White"},"content":{"rendered":"<div class=\"fusion-fullwidth fullwidth-box fusion-builder-row-1 fusion-flex-container nonhundred-percent-fullwidth non-hundred-percent-height-scrolling\" style=\"background-color: #ffffff;background-position: center center;background-repeat: no-repeat;border-width: 0px 0px 0px 0px;border-color:#eae9e9;border-style:solid;\" ><div class=\"fusion-builder-row fusion-row fusion-flex-align-items-flex-start\" style=\"max-width:1248px;margin-left: calc(-4% \/ 2 );margin-right: calc(-4% \/ 2 );\"><div class=\"fusion-layout-column fusion_builder_column fusion-builder-column-0 fusion_builder_column_1_1 1_1 fusion-flex-column\"><div class=\"fusion-column-wrapper fusion-flex-justify-content-flex-start fusion-content-layout-column\" style=\"background-position:left top;background-repeat:no-repeat;-webkit-background-size:cover;-moz-background-size:cover;-o-background-size:cover;background-size:cover;background-color:#ffffff;padding: 0px 0px 0px 0px;\"><div class=\"fusion-tabs fusion-tabs-1 classic horizontal-tabs icon-position-left\"><style type=\"text\/css\">.fusion-tabs.fusion-tabs-1 .nav-tabs li a.tab-link{border-top-color:#f7f7f7;background-color:#f7f7f7;}.fusion-tabs.fusion-tabs-1 .nav-tabs{background-color:#ffffff;}.fusion-tabs.fusion-tabs-1 .nav-tabs li.active a.tab-link,.fusion-tabs.fusion-tabs-1 .nav-tabs li.active a.tab-link:hover,.fusion-tabs.fusion-tabs-1 .nav-tabs li.active a.tab-link:focus{border-right-color:#ffffff;}.fusion-tabs.fusion-tabs-1 .nav-tabs li.active a.tab-link,.fusion-tabs.fusion-tabs-1 .nav-tabs li.active a.tab-link:hover,.fusion-tabs.fusion-tabs-1 .nav-tabs li.active a.tab-link:focus{background-color:#ffffff;}.fusion-tabs.fusion-tabs-1 .nav-tabs li a:hover{background-color:#ffffff;border-top-color:#ffffff;}.fusion-tabs.fusion-tabs-1 .tab-pane{background-color:#ffffff;}.fusion-tabs.fusion-tabs-1 .nav,.fusion-tabs.fusion-tabs-1 .nav-tabs,.fusion-tabs.fusion-tabs-1 .tab-content .tab-pane{border-color:#f7f7f7;}<\/style><div class=\"nav\"><ul class=\"nav-tabs nav-justified\" role=\"tablist\"><li class=\"active\" role=\"presentation\"><a class=\"tab-link\" data-toggle=\"tab\" role=\"tab\" aria-controls=\"tab-9a0f192c97b3491ff16\" aria-selected=\"true\" id=\"fusion-tab-designandhistory\" href=\"#tab-9a0f192c97b3491ff16\"><h4 class=\"fusion-tab-heading\">Design and history<\/h4><\/a><\/li><li role=\"presentation\"><a class=\"tab-link\" data-toggle=\"tab\" role=\"tab\" aria-controls=\"tab-5ffdf545b54fce66ad6\" aria-selected=\"false\" tabindex=\"-1\" id=\"fusion-tab-highlights\" href=\"#tab-5ffdf545b54fce66ad6\"><h4 class=\"fusion-tab-heading\">Highlights<\/h4><\/a><\/li><li role=\"presentation\"><a class=\"tab-link\" data-toggle=\"tab\" role=\"tab\" aria-controls=\"tab-27dc35d3cf33e689999\" aria-selected=\"false\" tabindex=\"-1\" id=\"fusion-tab-technicaldata\" href=\"#tab-27dc35d3cf33e689999\"><h4 class=\"fusion-tab-heading\">Technical Data<\/h4><\/a><\/li><\/ul><\/div><div class=\"tab-content\"><div class=\"nav fusion-mobile-tab-nav\"><ul class=\"nav-tabs nav-justified\" role=\"tablist\"><li class=\"active\" role=\"presentation\"><a class=\"tab-link\" data-toggle=\"tab\" role=\"tab\" aria-controls=\"tab-9a0f192c97b3491ff16\" aria-selected=\"true\" id=\"mobile-fusion-tab-designandhistory\" href=\"#tab-9a0f192c97b3491ff16\"><h4 class=\"fusion-tab-heading\">Design and history<\/h4><\/a><\/li><\/ul><\/div><div class=\"tab-pane fade fusion-clearfix in active\" role=\"tabpanel\" tabindex=\"0\" aria-labelledby=\"fusion-tab-designandhistory\" id=\"tab-9a0f192c97b3491ff16\">\n<p>The Irezumi Fine Arts Series is a homage to Asiatic tattoo art and to those who wear them. The timeless design of Irezumi tattoos is today still one of the most widely used tattoo styles in the world. The koi motif decorates countless people around the globe. It is a talisman and symbolises that man will master the challenge of life.<\/p>\n<p>For Andr\u00e9 Cl\u00e9men\u00e7on Watches the koi talisman is also a real lucky shot: the design of our Irezumi Fine Arts Series is undoubtedly a class above the rest. And thanks to the intricate hand-painting of each koi every watch is as individual as its wearer: in fact \u2013 unique!<\/p>\n<p>The koi is painted on a mother-of-pearl watch face which enhances the effect of depth. It appears to swim in the water, and shimmers with marvellous red, black and gray hues. The elegant Roman numerals placed on the face contribute added depth to the watch.<\/p>\n<p>As a result of the individual hand-painting of each koi minimal differences in reproduction are possible.<\/p>\n<p>The Koi Watch is naturally, and appropriately, water tight &#8211; up to 5 ATM! The luxurious casing has sapphire glass which protects the elegant watch face, and the under casing is screwed with six screws. In addition, the premium quality Swiss watch works are visible through the sapphire glass base. The wristband is made of black leather and has refined stitching and a reliable folding clasp to prevent the watch slipping off while being put on.<\/p>\n<\/div><div class=\"nav fusion-mobile-tab-nav\"><ul class=\"nav-tabs nav-justified\" role=\"tablist\"><li role=\"presentation\"><a class=\"tab-link\" data-toggle=\"tab\" role=\"tab\" aria-controls=\"tab-5ffdf545b54fce66ad6\" aria-selected=\"false\" tabindex=\"-1\" id=\"mobile-fusion-tab-highlights\" href=\"#tab-5ffdf545b54fce66ad6\"><h4 class=\"fusion-tab-heading\">Highlights<\/h4><\/a><\/li><\/ul><\/div><div class=\"tab-pane fade fusion-clearfix\" role=\"tabpanel\" tabindex=\"0\" aria-labelledby=\"fusion-tab-highlights\" id=\"tab-5ffdf545b54fce66ad6\">\n<ul>\n<li>Design by Andr\u00e9 Cl\u00e9men\u00e7on Contemporary Watches AG<\/li>\n<li>Made in Switzerland<\/li>\n<li>Koi painted by hand on a mother-of-pearl watch face \u2013 making each watch unique<\/li>\n<li>Diameter 45 mm<\/li>\n<li>Automatic-winding with power reserve of approx. 38 hours<\/li>\n<li>Anti-reflective and scratch-resistant sapphire glass on top and on under casing<\/li>\n<li>Under casing screwed with six screws<\/li>\n<li>Leather wristband with couture and high-quality steel folding clasp<\/li>\n<\/ul>\n<\/div><div class=\"nav fusion-mobile-tab-nav\"><ul class=\"nav-tabs nav-justified\" role=\"tablist\"><li role=\"presentation\"><a class=\"tab-link\" data-toggle=\"tab\" role=\"tab\" aria-controls=\"tab-27dc35d3cf33e689999\" aria-selected=\"false\" tabindex=\"-1\" id=\"mobile-fusion-tab-technicaldata\" href=\"#tab-27dc35d3cf33e689999\"><h4 class=\"fusion-tab-heading\">Technical Data<\/h4><\/a><\/li><\/ul><\/div><div class=\"tab-pane fade fusion-clearfix\" role=\"tabpanel\" tabindex=\"0\" aria-labelledby=\"fusion-tab-technicaldata\" id=\"tab-27dc35d3cf33e689999\">\n<p><strong>Irezumi Fine Arts<\/strong><br \/>\nArt. AC.06.16.BL (black)<br \/>\nArt. AC.06.16.WH (white)<\/p>\n<p><strong>Casing<\/strong><br \/>\nStainless steel<br \/>\nDiameter 45 mm<br \/>\nWater tight up to 5 ATM<br \/>\nLugs 22 mm<br \/>\nSapphire glass with anti-reflection<br \/>\nTransparent under casing screwed with six screws, flat sapphire glass<\/p>\n<p><strong>Movement<\/strong><br \/>\nSwiss Made watch with automatic-winding movement, \u00e9labor\u00e9 with special finish and engraved oscilliating weight<br \/>\nCalibre AC01 SW200<br \/>\n2 hands, no date display<br \/>\n28&#8217;800 vibrations per hour<br \/>\n38 hours power reserve<br \/>\n26 rubies<\/p>\n<p><strong>Watch face<\/strong><br \/>\nBrass, with mother-of-pearl coating<br \/>\nWith hand-painted koi<\/p>\n<p><strong>Hands<\/strong><br \/>\nHour and minute hands, smoothed and polished by hand, silver-coloured<\/p>\n<p><strong>Leather wristband<\/strong><br \/>\nBlack leather with Couture and Easy-Click<br \/>\nWith reliable folding clasp in steel<\/p>\n<p><strong>In the box<\/strong><br \/>\nAndr\u00e9 Cl\u00e9men\u00e7on Irezumi Fine Arts Koi Mens wristwatch<br \/>\nHigh-quality watch box<br \/>\nWarranty card<br \/>\nUser manual<\/p>\n<\/div><\/div><\/div><div ><style>.fusion-imageframe.imageframe-1{ margin-top : 25px;margin-right : 0px;margin-bottom : 65px;margin-left : 0px;}<\/style><span class=\" fusion-imageframe imageframe-none imageframe-1 hover-type-none\"><img decoding=\"async\" width=\"1500\" height=\"700\" title=\"irezumi_white_model_prod_dt\" src=\"https:\/\/andreclemencon.com\/wp-content\/uploads\/2020\/12\/irezumi_white_model_prod_dt.jpg\" alt class=\"img-responsive wp-image-2544\" srcset=\"https:\/\/andreclemencon.com\/wp-content\/uploads\/2020\/12\/irezumi_white_model_prod_dt-200x93.jpg 200w, https:\/\/andreclemencon.com\/wp-content\/uploads\/2020\/12\/irezumi_white_model_prod_dt-400x187.jpg 400w, https:\/\/andreclemencon.com\/wp-content\/uploads\/2020\/12\/irezumi_white_model_prod_dt-600x280.jpg 600w, https:\/\/andreclemencon.com\/wp-content\/uploads\/2020\/12\/irezumi_white_model_prod_dt-800x373.jpg 800w, https:\/\/andreclemencon.com\/wp-content\/uploads\/2020\/12\/irezumi_white_model_prod_dt-1200x560.jpg 1200w, https:\/\/andreclemencon.com\/wp-content\/uploads\/2020\/12\/irezumi_white_model_prod_dt.jpg 1500w\" sizes=\"(max-width: 700px) 100vw, (max-width: 640px) 100vw, 1200px\" \/><\/span><\/div><\/div><style type=\"text\/css\">.fusion-body .fusion-builder-column-0{width:100% !important;margin-top : 0px;margin-bottom : 0px;}.fusion-builder-column-0 > .fusion-column-wrapper {padding-top : 0px !important;padding-right : 0px !important;margin-right : 1.92%;padding-bottom : 0px !important;padding-left : 0px !important;margin-left : 1.92%;}@media only screen and (max-width:700px) {.fusion-body .fusion-builder-column-0{width:100% !important;order : 0;}.fusion-builder-column-0 > .fusion-column-wrapper {margin-right : 1.92%;margin-left : 1.92%;}}@media only screen and (max-width:640px) {.fusion-body .fusion-builder-column-0{width:100% !important;order : 0;}.fusion-builder-column-0 > .fusion-column-wrapper {margin-right : 1.92%;margin-left : 1.92%;}}<\/style><\/div><\/div><style type=\"text\/css\">.fusion-body .fusion-flex-container.fusion-builder-row-1{ padding-top : 0px;margin-top : 0px;padding-right : 0px;padding-bottom : 0px;margin-bottom : 0px;padding-left : 0px;}<\/style><\/div>\n","protected":false},"excerpt":{"rendered":"<p>A prime example of the perfect interaction of Asiatic tattoo art, European elegance and Swiss watch-making expertise: The Irezumi Fine Arts Mens Wristwatch with a hand-painted koi on a white mother-of-pearl background.<\/p>\n<p>Due to the mother-of-pearl coating the koi appears as alive and as at ease as a fish in water. The classic Roman numerals placed on the face contribute added depth to the watch. The combination of precise handcraft and superior watch-making tradition makes each watch a valuable and unique specimen.<\/p>\n<p>Stainless steel casing \u2022 automatic-winding movement \u2022 hand-painted koi on mother-of-pearl watch face \u2022 scratch resistant sapphire glass \u2022 base with sapphire glass screwed with six screws \u2022 45 mm diameter \u2022 manufactured in Switzerland<\/p>\n<p><strong>CHF\/EUR 2590.00<\/strong> (plus shipping)<br \/>\n<a href=\"https:\/\/andreclemencon.com\/en\/contact\/\">Enquiry<\/a><\/p>\n","protected":false},"featured_media":2532,"template":"","meta":{"_acf_changed":false},"product_brand":[],"product_cat":[183,182],"product_tag":[],"class_list":{"0":"post-3760","1":"product","2":"type-product","3":"status-publish","4":"has-post-thumbnail","6":"product_cat-the-irezumi-fine-arts-en","7":"product_cat-wristwatch","9":"first","10":"instock","11":"featured","12":"taxable","13":"shipping-taxable","14":"purchasable","15":"product-type-simple"},"acf":[],"yoast_head":"<!-- This site is optimized with the Yoast SEO plugin v26.2 - https:\/\/yoast.com\/wordpress\/plugins\/seo\/ -->\n<title>The Irezumi Fine Arts: Koi on White - ANDRE CLEMENCON CONTEMPORARY WATCHES<\/title>\n<meta name=\"robots\" content=\"index, follow, max-snippet:-1, max-image-preview:large, max-video-preview:-1\" \/>\n<link rel=\"canonical\" href=\"https:\/\/andreclemencon.com\/en\/produkt\/irezumi_fine_arts_koi_white\/\" \/>\n<meta property=\"og:locale\" content=\"en_US\" \/>\n<meta property=\"og:type\" content=\"article\" \/>\n<meta property=\"og:title\" content=\"The Irezumi Fine Arts: Koi on White - ANDRE CLEMENCON CONTEMPORARY WATCHES\" \/>\n<meta property=\"og:description\" content=\"A prime example of the perfect interaction of Asiatic tattoo art, European elegance and Swiss watch-making expertise: The Irezumi Fine Arts Mens Wristwatch with a hand-painted koi on a white mother-of-pearl background.  Due to the mother-of-pearl coating the koi appears as alive and as at ease as a fish in water. The classic Roman numerals placed on the face contribute added depth to the watch. The combination of precise handcraft and superior watch-making tradition makes each watch a valuable and unique specimen.  Stainless steel casing \u2022 automatic-winding movement \u2022 hand-painted koi on mother-of-pearl watch face \u2022 scratch resistant sapphire glass \u2022 base with sapphire glass screwed with six screws \u2022 45 mm diameter \u2022 manufactured in Switzerland  CHF\/EUR 2590.00 (plus shipping) Enquiry\" \/>\n<meta property=\"og:url\" content=\"https:\/\/andreclemencon.com\/en\/produkt\/irezumi_fine_arts_koi_white\/\" \/>\n<meta property=\"og:site_name\" content=\"ANDRE CLEMENCON CONTEMPORARY WATCHES\" \/>\n<meta property=\"article:modified_time\" content=\"2024-10-24T11:26:02+00:00\" \/>\n<meta property=\"og:image\" content=\"https:\/\/andreclemencon.com\/wp-content\/uploads\/2020\/12\/irezumi_white_1.jpg\" \/>\n\t<meta property=\"og:image:width\" content=\"1800\" \/>\n\t<meta property=\"og:image:height\" content=\"1800\" \/>\n\t<meta property=\"og:image:type\" content=\"image\/jpeg\" \/>\n<meta name=\"twitter:card\" content=\"summary_large_image\" \/>\n<meta name=\"twitter:label1\" content=\"Est. reading time\" \/>\n\t<meta name=\"twitter:data1\" content=\"4 minutes\" \/>\n<script type=\"application\/ld+json\" class=\"yoast-schema-graph\">{\"@context\":\"https:\/\/schema.org\",\"@graph\":[{\"@type\":\"WebPage\",\"@id\":\"https:\/\/andreclemencon.com\/en\/produkt\/irezumi_fine_arts_koi_white\/\",\"url\":\"https:\/\/andreclemencon.com\/en\/produkt\/irezumi_fine_arts_koi_white\/\",\"name\":\"The Irezumi Fine Arts: Koi on White - ANDRE CLEMENCON CONTEMPORARY WATCHES\",\"isPartOf\":{\"@id\":\"https:\/\/andreclemencon.com\/en\/#website\"},\"primaryImageOfPage\":{\"@id\":\"https:\/\/andreclemencon.com\/en\/produkt\/irezumi_fine_arts_koi_white\/#primaryimage\"},\"image\":{\"@id\":\"https:\/\/andreclemencon.com\/en\/produkt\/irezumi_fine_arts_koi_white\/#primaryimage\"},\"thumbnailUrl\":\"https:\/\/andreclemencon.com\/wp-content\/uploads\/2020\/12\/irezumi_white_1.jpg\",\"datePublished\":\"2021-01-05T10:13:22+00:00\",\"dateModified\":\"2024-10-24T11:26:02+00:00\",\"breadcrumb\":{\"@id\":\"https:\/\/andreclemencon.com\/en\/produkt\/irezumi_fine_arts_koi_white\/#breadcrumb\"},\"inLanguage\":\"en-US\",\"potentialAction\":[{\"@type\":\"ReadAction\",\"target\":[\"https:\/\/andreclemencon.com\/en\/produkt\/irezumi_fine_arts_koi_white\/\"]}]},{\"@type\":\"ImageObject\",\"inLanguage\":\"en-US\",\"@id\":\"https:\/\/andreclemencon.com\/en\/produkt\/irezumi_fine_arts_koi_white\/#primaryimage\",\"url\":\"https:\/\/andreclemencon.com\/wp-content\/uploads\/2020\/12\/irezumi_white_1.jpg\",\"contentUrl\":\"https:\/\/andreclemencon.com\/wp-content\/uploads\/2020\/12\/irezumi_white_1.jpg\",\"width\":1800,\"height\":1800},{\"@type\":\"BreadcrumbList\",\"@id\":\"https:\/\/andreclemencon.com\/en\/produkt\/irezumi_fine_arts_koi_white\/#breadcrumb\",\"itemListElement\":[{\"@type\":\"ListItem\",\"position\":1,\"name\":\"Home\",\"item\":\"https:\/\/andreclemencon.com\/en\/\"},{\"@type\":\"ListItem\",\"position\":2,\"name\":\"Products\",\"item\":\"https:\/\/andreclemencon.com\/en\/shop\/\"},{\"@type\":\"ListItem\",\"position\":3,\"name\":\"The Irezumi Fine Arts: Koi on White\"}]},{\"@type\":\"WebSite\",\"@id\":\"https:\/\/andreclemencon.com\/en\/#website\",\"url\":\"https:\/\/andreclemencon.com\/en\/\",\"name\":\"ANDRE CLEMENCON CONTEMPORARY WATCHES\",\"description\":\"Watches inspired by Tattoo Art\",\"potentialAction\":[{\"@type\":\"SearchAction\",\"target\":{\"@type\":\"EntryPoint\",\"urlTemplate\":\"https:\/\/andreclemencon.com\/en\/?s={search_term_string}\"},\"query-input\":{\"@type\":\"PropertyValueSpecification\",\"valueRequired\":true,\"valueName\":\"search_term_string\"}}],\"inLanguage\":\"en-US\"}]}<\/script>\n<!-- \/ Yoast SEO plugin. -->","yoast_head_json":{"title":"The Irezumi Fine Arts: Koi on White - ANDRE CLEMENCON CONTEMPORARY WATCHES","robots":{"index":"index","follow":"follow","max-snippet":"max-snippet:-1","max-image-preview":"max-image-preview:large","max-video-preview":"max-video-preview:-1"},"canonical":"https:\/\/andreclemencon.com\/en\/produkt\/irezumi_fine_arts_koi_white\/","og_locale":"en_US","og_type":"article","og_title":"The Irezumi Fine Arts: Koi on White - ANDRE CLEMENCON CONTEMPORARY WATCHES","og_description":"A prime example of the perfect interaction of Asiatic tattoo art, European elegance and Swiss watch-making expertise: The Irezumi Fine Arts Mens Wristwatch with a hand-painted koi on a white mother-of-pearl background.  Due to the mother-of-pearl coating the koi appears as alive and as at ease as a fish in water. The classic Roman numerals placed on the face contribute added depth to the watch. The combination of precise handcraft and superior watch-making tradition makes each watch a valuable and unique specimen.  Stainless steel casing \u2022 automatic-winding movement \u2022 hand-painted koi on mother-of-pearl watch face \u2022 scratch resistant sapphire glass \u2022 base with sapphire glass screwed with six screws \u2022 45 mm diameter \u2022 manufactured in Switzerland  CHF\/EUR 2590.00 (plus shipping) Enquiry","og_url":"https:\/\/andreclemencon.com\/en\/produkt\/irezumi_fine_arts_koi_white\/","og_site_name":"ANDRE CLEMENCON CONTEMPORARY WATCHES","article_modified_time":"2024-10-24T11:26:02+00:00","og_image":[{"width":1800,"height":1800,"url":"https:\/\/andreclemencon.com\/wp-content\/uploads\/2020\/12\/irezumi_white_1.jpg","type":"image\/jpeg"}],"twitter_card":"summary_large_image","twitter_misc":{"Est. reading time":"4 minutes"},"schema":{"@context":"https:\/\/schema.org","@graph":[{"@type":"WebPage","@id":"https:\/\/andreclemencon.com\/en\/produkt\/irezumi_fine_arts_koi_white\/","url":"https:\/\/andreclemencon.com\/en\/produkt\/irezumi_fine_arts_koi_white\/","name":"The Irezumi Fine Arts: Koi on White - ANDRE CLEMENCON CONTEMPORARY WATCHES","isPartOf":{"@id":"https:\/\/andreclemencon.com\/en\/#website"},"primaryImageOfPage":{"@id":"https:\/\/andreclemencon.com\/en\/produkt\/irezumi_fine_arts_koi_white\/#primaryimage"},"image":{"@id":"https:\/\/andreclemencon.com\/en\/produkt\/irezumi_fine_arts_koi_white\/#primaryimage"},"thumbnailUrl":"https:\/\/andreclemencon.com\/wp-content\/uploads\/2020\/12\/irezumi_white_1.jpg","datePublished":"2021-01-05T10:13:22+00:00","dateModified":"2024-10-24T11:26:02+00:00","breadcrumb":{"@id":"https:\/\/andreclemencon.com\/en\/produkt\/irezumi_fine_arts_koi_white\/#breadcrumb"},"inLanguage":"en-US","potentialAction":[{"@type":"ReadAction","target":["https:\/\/andreclemencon.com\/en\/produkt\/irezumi_fine_arts_koi_white\/"]}]},{"@type":"ImageObject","inLanguage":"en-US","@id":"https:\/\/andreclemencon.com\/en\/produkt\/irezumi_fine_arts_koi_white\/#primaryimage","url":"https:\/\/andreclemencon.com\/wp-content\/uploads\/2020\/12\/irezumi_white_1.jpg","contentUrl":"https:\/\/andreclemencon.com\/wp-content\/uploads\/2020\/12\/irezumi_white_1.jpg","width":1800,"height":1800},{"@type":"BreadcrumbList","@id":"https:\/\/andreclemencon.com\/en\/produkt\/irezumi_fine_arts_koi_white\/#breadcrumb","itemListElement":[{"@type":"ListItem","position":1,"name":"Home","item":"https:\/\/andreclemencon.com\/en\/"},{"@type":"ListItem","position":2,"name":"Products","item":"https:\/\/andreclemencon.com\/en\/shop\/"},{"@type":"ListItem","position":3,"name":"The Irezumi Fine Arts: Koi on White"}]},{"@type":"WebSite","@id":"https:\/\/andreclemencon.com\/en\/#website","url":"https:\/\/andreclemencon.com\/en\/","name":"ANDRE CLEMENCON CONTEMPORARY WATCHES","description":"Watches inspired by Tattoo Art","potentialAction":[{"@type":"SearchAction","target":{"@type":"EntryPoint","urlTemplate":"https:\/\/andreclemencon.com\/en\/?s={search_term_string}"},"query-input":{"@type":"PropertyValueSpecification","valueRequired":true,"valueName":"search_term_string"}}],"inLanguage":"en-US"}]}},"_links":{"self":[{"href":"https:\/\/andreclemencon.com\/en\/wp-json\/wp\/v2\/product\/3760","targetHints":{"allow":["GET"]}}],"collection":[{"href":"https:\/\/andreclemencon.com\/en\/wp-json\/wp\/v2\/product"}],"about":[{"href":"https:\/\/andreclemencon.com\/en\/wp-json\/wp\/v2\/types\/product"}],"wp:featuredmedia":[{"embeddable":true,"href":"https:\/\/andreclemencon.com\/en\/wp-json\/wp\/v2\/media\/2532"}],"wp:attachment":[{"href":"https:\/\/andreclemencon.com\/en\/wp-json\/wp\/v2\/media?parent=3760"}],"wp:term":[{"taxonomy":"product_brand","embeddable":true,"href":"https:\/\/andreclemencon.com\/en\/wp-json\/wp\/v2\/product_brand?post=3760"},{"taxonomy":"product_cat","embeddable":true,"href":"https:\/\/andreclemencon.com\/en\/wp-json\/wp\/v2\/product_cat?post=3760"},{"taxonomy":"product_tag","embeddable":true,"href":"https:\/\/andreclemencon.com\/en\/wp-json\/wp\/v2\/product_tag?post=3760"}],"curies":[{"name":"wp","href":"https:\/\/api.w.org\/{rel}","templated":true}]}}