{"id":3768,"date":"2021-01-04T21:42:10","date_gmt":"2021-01-04T20:42:10","guid":{"rendered":"https:\/\/cp4us.andreclemencon.com\/produkt\/the-nautic-star-white\/"},"modified":"2024-10-24T13:34:34","modified_gmt":"2024-10-24T11:34:34","slug":"the-nautic-star-white","status":"publish","type":"product","link":"https:\/\/andreclemencon.com\/fr\/produkt\/the-nautic-star-white\/","title":{"rendered":"The Nautic Star White"},"content":{"rendered":"<div class=\"fusion-fullwidth fullwidth-box fusion-builder-row-1 fusion-flex-container nonhundred-percent-fullwidth non-hundred-percent-height-scrolling\" style=\"background-color: #ffffff;background-position: center center;background-repeat: no-repeat;border-width: 0px 0px 0px 0px;border-color:#eae9e9;border-style:solid;\" ><div class=\"fusion-builder-row fusion-row fusion-flex-align-items-flex-start\" style=\"max-width:1248px;margin-left: calc(-4% \/ 2 );margin-right: calc(-4% \/ 2 );\"><div class=\"fusion-layout-column fusion_builder_column fusion-builder-column-0 fusion_builder_column_1_1 1_1 fusion-flex-column\"><div class=\"fusion-column-wrapper fusion-flex-justify-content-flex-start fusion-content-layout-column\" style=\"background-position:left top;background-repeat:no-repeat;-webkit-background-size:cover;-moz-background-size:cover;-o-background-size:cover;background-size:cover;background-color:#ffffff;padding: 0px 0px 0px 0px;\"><div class=\"fusion-tabs fusion-tabs-1 classic horizontal-tabs icon-position-left\"><style type=\"text\/css\">.fusion-tabs.fusion-tabs-1 .nav-tabs li a.tab-link{border-top-color:#f7f7f7;background-color:#f7f7f7;}.fusion-tabs.fusion-tabs-1 .nav-tabs{background-color:#ffffff;}.fusion-tabs.fusion-tabs-1 .nav-tabs li.active a.tab-link,.fusion-tabs.fusion-tabs-1 .nav-tabs li.active a.tab-link:hover,.fusion-tabs.fusion-tabs-1 .nav-tabs li.active a.tab-link:focus{border-right-color:#ffffff;}.fusion-tabs.fusion-tabs-1 .nav-tabs li.active a.tab-link,.fusion-tabs.fusion-tabs-1 .nav-tabs li.active a.tab-link:hover,.fusion-tabs.fusion-tabs-1 .nav-tabs li.active a.tab-link:focus{background-color:#ffffff;}.fusion-tabs.fusion-tabs-1 .nav-tabs li a:hover{background-color:#ffffff;border-top-color:#ffffff;}.fusion-tabs.fusion-tabs-1 .tab-pane{background-color:#ffffff;}.fusion-tabs.fusion-tabs-1 .nav,.fusion-tabs.fusion-tabs-1 .nav-tabs,.fusion-tabs.fusion-tabs-1 .tab-content .tab-pane{border-color:#f7f7f7;}<\/style><div class=\"nav\"><ul class=\"nav-tabs nav-justified\" role=\"tablist\"><li class=\"active\" role=\"presentation\"><a class=\"tab-link\" data-toggle=\"tab\" role=\"tab\" aria-controls=\"tab-9293714367f6d2b7e09\" aria-selected=\"true\" id=\"fusion-tab-designethistoire\" href=\"#tab-9293714367f6d2b7e09\"><h4 class=\"fusion-tab-heading\">Design et histoire<\/h4><\/a><\/li><li role=\"presentation\"><a class=\"tab-link\" data-toggle=\"tab\" role=\"tab\" aria-controls=\"tab-a74eac4b08377a743b1\" aria-selected=\"false\" tabindex=\"-1\" id=\"fusion-tab-pointsforts\" href=\"#tab-a74eac4b08377a743b1\"><h4 class=\"fusion-tab-heading\">Points forts<\/h4><\/a><\/li><li role=\"presentation\"><a class=\"tab-link\" data-toggle=\"tab\" role=\"tab\" aria-controls=\"tab-b6802c41e27c1ba2e5a\" aria-selected=\"false\" tabindex=\"-1\" id=\"fusion-tab-donn\u00e9estechniques\" href=\"#tab-b6802c41e27c1ba2e5a\"><h4 class=\"fusion-tab-heading\">Donn\u00e9es techniques<\/h4><\/a><\/li><\/ul><\/div><div class=\"tab-content\"><div class=\"nav fusion-mobile-tab-nav\"><ul class=\"nav-tabs nav-justified\" role=\"tablist\"><li class=\"active\" role=\"presentation\"><a class=\"tab-link\" data-toggle=\"tab\" role=\"tab\" aria-controls=\"tab-9293714367f6d2b7e09\" aria-selected=\"true\" id=\"mobile-fusion-tab-designethistoire\" href=\"#tab-9293714367f6d2b7e09\"><h4 class=\"fusion-tab-heading\">Design et histoire<\/h4><\/a><\/li><\/ul><\/div><div class=\"tab-pane fade fusion-clearfix in active\" role=\"tabpanel\" tabindex=\"0\" aria-labelledby=\"fusion-tab-designethistoire\" id=\"tab-9293714367f6d2b7e09\">\n<p>La Nautic Star a \u00e9t\u00e9 con\u00e7ue pour les hommes qui valorisent le bon design et les produits durables. C\u2019est un vrai classique pour le poignet et une interpr\u00e9tation contemporaine de l\u2019art du tatouage.<\/p>\n<p>Au centre de l\u2019attention, le cadran unique avec un fond caract\u00e9ris\u00e9 par une structure d\u2019\u00e9cailles \u2013 emprunt\u00e9e \u00e0 l\u2019art du tatouage asiatique \u2013 et une \u00e9toile nautique appliqu\u00e9e. Les index sobres et des aiguilles de couleur polies assurent un contraste maximal du design.<\/p>\n<p>Et afin que le noble design de la montre puisse se d\u00e9ployer pleinement, il n\u2019y a, ni affichage de la date, ni trotteuse. C\u2019est le bijou de grande qualit\u00e9 pour les individualistes, et une v\u00e9ritable pi\u00e8ce d\u2019horlogerie suisse \u00e0 mouvement automatique.<\/p>\n<p>La montre est parfaitement \u00e9tanche jusqu\u2019\u00e0 5 ATM. Le pr\u00e9cieux bo\u00eetier poss\u00e8de un verre en saphir qui prot\u00e8ge le cadran noble et un fond fix\u00e9 \u00e0 l&rsquo;aide de six vis. Au fond du bo\u00eetier un verre en saphir r\u00e9v\u00e8le le mouvement suisse de grande qualit\u00e9. Le bracelet, en cuir noir est dot\u00e9 d\u2019une couture raffin\u00e9e et d\u2019un fermoir d\u00e9ployant emp\u00eachant tout risque de laisser tomber la montre.<\/p>\n<\/div><div class=\"nav fusion-mobile-tab-nav\"><ul class=\"nav-tabs nav-justified\" role=\"tablist\"><li role=\"presentation\"><a class=\"tab-link\" data-toggle=\"tab\" role=\"tab\" aria-controls=\"tab-a74eac4b08377a743b1\" aria-selected=\"false\" tabindex=\"-1\" id=\"mobile-fusion-tab-pointsforts\" href=\"#tab-a74eac4b08377a743b1\"><h4 class=\"fusion-tab-heading\">Points forts<\/h4><\/a><\/li><\/ul><\/div><div class=\"tab-pane fade fusion-clearfix\" role=\"tabpanel\" tabindex=\"0\" aria-labelledby=\"fusion-tab-pointsforts\" id=\"tab-a74eac4b08377a743b1\">\n<ul>\n<li>Design par Andr\u00e9 Cl\u00e9men\u00e7on Contemporary Watches AG<\/li>\n<li>Fabriqu\u00e9 en Suisse<\/li>\n<li>Cadran avec une \u00e9toile nautique polie<\/li>\n<li>Diam\u00e8tre 45 mm<\/li>\n<li>Remontage automatique avec une r\u00e9serve de marche de env. 38 heures<\/li>\n<li>Glace saphir antireflet et r\u00e9sistant aux rayures sur le dessus et le fond du bo\u00eetier<\/li>\n<li>Fond du bo\u00eetier fix\u00e9 \u00e0 l&rsquo;aide de six vis<\/li>\n<li>Bracelet en cuir noir avec couture et boucle d\u00e9ployante en acier de haute qualit\u00e9<\/li>\n<\/ul>\n<\/div><div class=\"nav fusion-mobile-tab-nav\"><ul class=\"nav-tabs nav-justified\" role=\"tablist\"><li role=\"presentation\"><a class=\"tab-link\" data-toggle=\"tab\" role=\"tab\" aria-controls=\"tab-b6802c41e27c1ba2e5a\" aria-selected=\"false\" tabindex=\"-1\" id=\"mobile-fusion-tab-donn\u00e9estechniques\" href=\"#tab-b6802c41e27c1ba2e5a\"><h4 class=\"fusion-tab-heading\">Donn\u00e9es techniques<\/h4><\/a><\/li><\/ul><\/div><div class=\"tab-pane fade fusion-clearfix\" role=\"tabpanel\" tabindex=\"0\" aria-labelledby=\"fusion-tab-donn\u00e9estechniques\" id=\"tab-b6802c41e27c1ba2e5a\">\n<p><strong>Nautic Star<\/strong><br \/>\nArt. AC.01.16.BL (noir)<br \/>\nArt. AC.01.16.WH (blanc)<\/p>\n<p><strong>Bo\u00eete de montre<\/strong><br \/>\nAcier inoxydable<br \/>\nDiam\u00e8tre 45 mm<br \/>\nEtanche jusqu\u2019\u00e0 5 ATM<br \/>\nAnses 22 mm<br \/>\nVerre en saphir anti-reflet<br \/>\nFond du bo\u00eetier transparent fix\u00e9 \u00e0 l&rsquo;aide de six vis, verre en saphir plat<\/p>\n<p><strong>Mouvement<\/strong><br \/>\nMouvement m\u00e9canique Swiss Made avec remontage automatique, \u00e9labor\u00e9 avec finition sp\u00e9ciale et masse oscillante grav\u00e9e<br \/>\nCalibre AC01 SW200<br \/>\n2 aiguilles, sans affichage de la date<br \/>\n28&rsquo;800 alternances par heure<br \/>\n38 heures r\u00e9serve de marche<br \/>\n26 rubis<\/p>\n<p><strong>Cadran<\/strong><br \/>\nLaiton<br \/>\nAvec \u00e9toile nautique appliqu\u00e9 et polie<\/p>\n<p><strong>Aiguilles<\/strong><br \/>\nAiguilles des heures et des minutes polies \u00e0 la main, peint en noir<\/p>\n<p><strong>Bracelet en cuir<\/strong><br \/>\nCuir noir avec couture et Easy-Click<br \/>\nFermoir d\u00e9ployant en acier<\/p>\n<p><strong>Volume de livraison<\/strong><br \/>\nMontre-bracelet pour hommes Andr\u00e9 Cl\u00e9men\u00e7on Nautic Star<br \/>\nBo\u00eete de montres de qualit\u00e9<br \/>\nCarte de garantie<br \/>\nMode d\u2019emploi<\/p>\n<\/div><\/div><\/div><div ><style>.fusion-imageframe.imageframe-1{ margin-top : 25px;margin-right : 0px;margin-bottom : 65px;margin-left : 0px;}<\/style><span class=\" fusion-imageframe imageframe-none imageframe-1 hover-type-none\"><img decoding=\"async\" width=\"1500\" height=\"700\" title=\"nautic_star_white_model_prod_dt\" src=\"https:\/\/andreclemencon.com\/wp-content\/uploads\/2020\/12\/nautic_star_white_model_prod_dt-1.jpg\" alt class=\"img-responsive wp-image-2503\" srcset=\"https:\/\/andreclemencon.com\/wp-content\/uploads\/2020\/12\/nautic_star_white_model_prod_dt-1-200x93.jpg 200w, https:\/\/andreclemencon.com\/wp-content\/uploads\/2020\/12\/nautic_star_white_model_prod_dt-1-400x187.jpg 400w, https:\/\/andreclemencon.com\/wp-content\/uploads\/2020\/12\/nautic_star_white_model_prod_dt-1-600x280.jpg 600w, https:\/\/andreclemencon.com\/wp-content\/uploads\/2020\/12\/nautic_star_white_model_prod_dt-1-800x373.jpg 800w, https:\/\/andreclemencon.com\/wp-content\/uploads\/2020\/12\/nautic_star_white_model_prod_dt-1-1200x560.jpg 1200w, https:\/\/andreclemencon.com\/wp-content\/uploads\/2020\/12\/nautic_star_white_model_prod_dt-1.jpg 1500w\" sizes=\"(max-width: 700px) 100vw, (max-width: 640px) 100vw, 1200px\" \/><\/span><\/div><\/div><style type=\"text\/css\">.fusion-body .fusion-builder-column-0{width:100% !important;margin-top : 0px;margin-bottom : 0px;}.fusion-builder-column-0 > .fusion-column-wrapper {padding-top : 0px !important;padding-right : 0px !important;margin-right : 1.92%;padding-bottom : 0px !important;padding-left : 0px !important;margin-left : 1.92%;}@media only screen and (max-width:700px) {.fusion-body .fusion-builder-column-0{width:100% !important;order : 0;}.fusion-builder-column-0 > .fusion-column-wrapper {margin-right : 1.92%;margin-left : 1.92%;}}@media only screen and (max-width:640px) {.fusion-body .fusion-builder-column-0{width:100% !important;order : 0;}.fusion-builder-column-0 > .fusion-column-wrapper {margin-right : 1.92%;margin-left : 1.92%;}}<\/style><\/div><\/div><style type=\"text\/css\">.fusion-body .fusion-flex-container.fusion-builder-row-1{ padding-top : 0px;margin-top : 0px;padding-right : 0px;padding-bottom : 0px;margin-bottom : 0px;padding-left : 0px;}<\/style><\/div>\n","protected":false},"excerpt":{"rendered":"<p>La montre-bracelet Nautic Star pour hommes Andr\u00e9 Cl\u00e9men\u00e7on est n\u00e9e sous une bonne \u00e9toile. Son design se base sur un cadran \u00e0 structure d\u2019\u00e9cailles, emprunt\u00e9e \u00e0 l\u2019art du tatouage asiatique, et une \u00e9toile nautique appliqu\u00e9e et polie. L\u2019\u00e9toile nautique \u2013 symbole du tatouage par excellence \u2013 repr\u00e9sente le retour heureux des marins au port.<\/p>\n<p>La Nautic Star est un vrai bijou de l\u2019horlogerie suisse captivant par son design clair et audacieux. Rien ne perturbe ce bijou, ni trotteuse, ni indicateur de date. Parfait pour des individualistes et hommes qui n\u2019ont du temps que pour l\u2019essentiel.<\/p>\n<p>Bo\u00eetier en acier inoxydable \u2022 Mouvement m\u00e9canique automatique \u2022 Cadran avec \u00e9toile nautique appliqu\u00e9e et polie \u2022 Glace saphir anti-rayures \u2022 Fond en verre saphir fix\u00e9 \u00e0 l\u2019aide de six vis \u2022 Diam\u00e8tre 45 mm \u2022 Fabriqu\u00e9 en Suisse<\/p>\n<p><strong>CHF\/EUR 1490.00<\/strong> (frais de port en sus)<br \/>\n<a href=\"https:\/\/andreclemencon.com\/fr\/contact\/\">Demande<\/a><\/p>\n","protected":false},"featured_media":2491,"template":"","meta":{"_acf_changed":false},"product_brand":[],"product_cat":[185,187],"product_tag":[],"class_list":{"0":"post-3768","1":"product","2":"type-product","3":"status-publish","4":"has-post-thumbnail","6":"product_cat-montre-bracelet","7":"product_cat-the-nautic-star-fr","9":"first","10":"instock","11":"featured","12":"taxable","13":"shipping-taxable","14":"purchasable","15":"product-type-simple"},"acf":[],"yoast_head":"<!-- This site is optimized with the Yoast SEO plugin v26.2 - https:\/\/yoast.com\/wordpress\/plugins\/seo\/ -->\n<title>The Nautic Star White - ANDRE CLEMENCON CONTEMPORARY WATCHES<\/title>\n<meta name=\"robots\" content=\"index, follow, max-snippet:-1, max-image-preview:large, max-video-preview:-1\" \/>\n<link rel=\"canonical\" href=\"https:\/\/andreclemencon.com\/fr\/produkt\/the-nautic-star-white\/\" \/>\n<meta property=\"og:locale\" content=\"fr_FR\" \/>\n<meta property=\"og:type\" content=\"article\" \/>\n<meta property=\"og:title\" content=\"The Nautic Star White - ANDRE CLEMENCON CONTEMPORARY WATCHES\" \/>\n<meta property=\"og:description\" content=\"La montre-bracelet Nautic Star pour hommes Andr\u00e9 Cl\u00e9men\u00e7on est n\u00e9e sous une bonne \u00e9toile. Son design se base sur un cadran \u00e0 structure d\u2019\u00e9cailles, emprunt\u00e9e \u00e0 l\u2019art du tatouage asiatique, et une \u00e9toile nautique appliqu\u00e9e et polie. L\u2019\u00e9toile nautique \u2013 symbole du tatouage par excellence \u2013 repr\u00e9sente le retour heureux des marins au port.  La Nautic Star est un vrai bijou de l\u2019horlogerie suisse captivant par son design clair et audacieux. Rien ne perturbe ce bijou, ni trotteuse, ni indicateur de date. Parfait pour des individualistes et hommes qui n\u2019ont du temps que pour l\u2019essentiel.  Bo\u00eetier en acier inoxydable \u2022 Mouvement m\u00e9canique automatique \u2022 Cadran avec \u00e9toile nautique appliqu\u00e9e et polie \u2022 Glace saphir anti-rayures \u2022 Fond en verre saphir fix\u00e9 \u00e0 l\u2019aide de six vis \u2022 Diam\u00e8tre 45 mm \u2022 Fabriqu\u00e9 en Suisse  CHF\/EUR 1490.00 (frais de port en sus) Demande\" \/>\n<meta property=\"og:url\" content=\"https:\/\/andreclemencon.com\/fr\/produkt\/the-nautic-star-white\/\" \/>\n<meta property=\"og:site_name\" content=\"ANDRE CLEMENCON CONTEMPORARY WATCHES\" \/>\n<meta property=\"article:modified_time\" content=\"2024-10-24T11:34:34+00:00\" \/>\n<meta property=\"og:image\" content=\"https:\/\/andreclemencon.com\/wp-content\/uploads\/2020\/12\/nautic_star_white_1-1.jpg\" \/>\n\t<meta property=\"og:image:width\" content=\"1800\" \/>\n\t<meta property=\"og:image:height\" content=\"1800\" \/>\n\t<meta property=\"og:image:type\" content=\"image\/jpeg\" \/>\n<meta name=\"twitter:card\" content=\"summary_large_image\" \/>\n<meta name=\"twitter:label1\" content=\"Dur\u00e9e de lecture estim\u00e9e\" \/>\n\t<meta name=\"twitter:data1\" content=\"4 minutes\" \/>\n<script type=\"application\/ld+json\" class=\"yoast-schema-graph\">{\"@context\":\"https:\/\/schema.org\",\"@graph\":[{\"@type\":\"WebPage\",\"@id\":\"https:\/\/andreclemencon.com\/fr\/produkt\/the-nautic-star-white\/\",\"url\":\"https:\/\/andreclemencon.com\/fr\/produkt\/the-nautic-star-white\/\",\"name\":\"The Nautic Star White - ANDRE CLEMENCON CONTEMPORARY WATCHES\",\"isPartOf\":{\"@id\":\"https:\/\/andreclemencon.com\/fr\/#website\"},\"primaryImageOfPage\":{\"@id\":\"https:\/\/andreclemencon.com\/fr\/produkt\/the-nautic-star-white\/#primaryimage\"},\"image\":{\"@id\":\"https:\/\/andreclemencon.com\/fr\/produkt\/the-nautic-star-white\/#primaryimage\"},\"thumbnailUrl\":\"https:\/\/andreclemencon.com\/wp-content\/uploads\/2020\/12\/nautic_star_white_1-1.jpg\",\"datePublished\":\"2021-01-04T20:42:10+00:00\",\"dateModified\":\"2024-10-24T11:34:34+00:00\",\"breadcrumb\":{\"@id\":\"https:\/\/andreclemencon.com\/fr\/produkt\/the-nautic-star-white\/#breadcrumb\"},\"inLanguage\":\"fr-FR\",\"potentialAction\":[{\"@type\":\"ReadAction\",\"target\":[\"https:\/\/andreclemencon.com\/fr\/produkt\/the-nautic-star-white\/\"]}]},{\"@type\":\"ImageObject\",\"inLanguage\":\"fr-FR\",\"@id\":\"https:\/\/andreclemencon.com\/fr\/produkt\/the-nautic-star-white\/#primaryimage\",\"url\":\"https:\/\/andreclemencon.com\/wp-content\/uploads\/2020\/12\/nautic_star_white_1-1.jpg\",\"contentUrl\":\"https:\/\/andreclemencon.com\/wp-content\/uploads\/2020\/12\/nautic_star_white_1-1.jpg\",\"width\":1800,\"height\":1800},{\"@type\":\"BreadcrumbList\",\"@id\":\"https:\/\/andreclemencon.com\/fr\/produkt\/the-nautic-star-white\/#breadcrumb\",\"itemListElement\":[{\"@type\":\"ListItem\",\"position\":1,\"name\":\"Home\",\"item\":\"https:\/\/andreclemencon.com\/fr\/\"},{\"@type\":\"ListItem\",\"position\":2,\"name\":\"Produits\",\"item\":\"https:\/\/andreclemencon.com\/fr\/shop\/\"},{\"@type\":\"ListItem\",\"position\":3,\"name\":\"The Nautic Star White\"}]},{\"@type\":\"WebSite\",\"@id\":\"https:\/\/andreclemencon.com\/fr\/#website\",\"url\":\"https:\/\/andreclemencon.com\/fr\/\",\"name\":\"ANDRE CLEMENCON CONTEMPORARY WATCHES\",\"description\":\"Watches inspired by Tattoo Art\",\"potentialAction\":[{\"@type\":\"SearchAction\",\"target\":{\"@type\":\"EntryPoint\",\"urlTemplate\":\"https:\/\/andreclemencon.com\/fr\/?s={search_term_string}\"},\"query-input\":{\"@type\":\"PropertyValueSpecification\",\"valueRequired\":true,\"valueName\":\"search_term_string\"}}],\"inLanguage\":\"fr-FR\"}]}<\/script>\n<!-- \/ Yoast SEO plugin. -->","yoast_head_json":{"title":"The Nautic Star White - ANDRE CLEMENCON CONTEMPORARY WATCHES","robots":{"index":"index","follow":"follow","max-snippet":"max-snippet:-1","max-image-preview":"max-image-preview:large","max-video-preview":"max-video-preview:-1"},"canonical":"https:\/\/andreclemencon.com\/fr\/produkt\/the-nautic-star-white\/","og_locale":"fr_FR","og_type":"article","og_title":"The Nautic Star White - ANDRE CLEMENCON CONTEMPORARY WATCHES","og_description":"La montre-bracelet Nautic Star pour hommes Andr\u00e9 Cl\u00e9men\u00e7on est n\u00e9e sous une bonne \u00e9toile. Son design se base sur un cadran \u00e0 structure d\u2019\u00e9cailles, emprunt\u00e9e \u00e0 l\u2019art du tatouage asiatique, et une \u00e9toile nautique appliqu\u00e9e et polie. L\u2019\u00e9toile nautique \u2013 symbole du tatouage par excellence \u2013 repr\u00e9sente le retour heureux des marins au port.  La Nautic Star est un vrai bijou de l\u2019horlogerie suisse captivant par son design clair et audacieux. Rien ne perturbe ce bijou, ni trotteuse, ni indicateur de date. Parfait pour des individualistes et hommes qui n\u2019ont du temps que pour l\u2019essentiel.  Bo\u00eetier en acier inoxydable \u2022 Mouvement m\u00e9canique automatique \u2022 Cadran avec \u00e9toile nautique appliqu\u00e9e et polie \u2022 Glace saphir anti-rayures \u2022 Fond en verre saphir fix\u00e9 \u00e0 l\u2019aide de six vis \u2022 Diam\u00e8tre 45 mm \u2022 Fabriqu\u00e9 en Suisse  CHF\/EUR 1490.00 (frais de port en sus) Demande","og_url":"https:\/\/andreclemencon.com\/fr\/produkt\/the-nautic-star-white\/","og_site_name":"ANDRE CLEMENCON CONTEMPORARY WATCHES","article_modified_time":"2024-10-24T11:34:34+00:00","og_image":[{"width":1800,"height":1800,"url":"https:\/\/andreclemencon.com\/wp-content\/uploads\/2020\/12\/nautic_star_white_1-1.jpg","type":"image\/jpeg"}],"twitter_card":"summary_large_image","twitter_misc":{"Dur\u00e9e de lecture estim\u00e9e":"4 minutes"},"schema":{"@context":"https:\/\/schema.org","@graph":[{"@type":"WebPage","@id":"https:\/\/andreclemencon.com\/fr\/produkt\/the-nautic-star-white\/","url":"https:\/\/andreclemencon.com\/fr\/produkt\/the-nautic-star-white\/","name":"The Nautic Star White - ANDRE CLEMENCON CONTEMPORARY WATCHES","isPartOf":{"@id":"https:\/\/andreclemencon.com\/fr\/#website"},"primaryImageOfPage":{"@id":"https:\/\/andreclemencon.com\/fr\/produkt\/the-nautic-star-white\/#primaryimage"},"image":{"@id":"https:\/\/andreclemencon.com\/fr\/produkt\/the-nautic-star-white\/#primaryimage"},"thumbnailUrl":"https:\/\/andreclemencon.com\/wp-content\/uploads\/2020\/12\/nautic_star_white_1-1.jpg","datePublished":"2021-01-04T20:42:10+00:00","dateModified":"2024-10-24T11:34:34+00:00","breadcrumb":{"@id":"https:\/\/andreclemencon.com\/fr\/produkt\/the-nautic-star-white\/#breadcrumb"},"inLanguage":"fr-FR","potentialAction":[{"@type":"ReadAction","target":["https:\/\/andreclemencon.com\/fr\/produkt\/the-nautic-star-white\/"]}]},{"@type":"ImageObject","inLanguage":"fr-FR","@id":"https:\/\/andreclemencon.com\/fr\/produkt\/the-nautic-star-white\/#primaryimage","url":"https:\/\/andreclemencon.com\/wp-content\/uploads\/2020\/12\/nautic_star_white_1-1.jpg","contentUrl":"https:\/\/andreclemencon.com\/wp-content\/uploads\/2020\/12\/nautic_star_white_1-1.jpg","width":1800,"height":1800},{"@type":"BreadcrumbList","@id":"https:\/\/andreclemencon.com\/fr\/produkt\/the-nautic-star-white\/#breadcrumb","itemListElement":[{"@type":"ListItem","position":1,"name":"Home","item":"https:\/\/andreclemencon.com\/fr\/"},{"@type":"ListItem","position":2,"name":"Produits","item":"https:\/\/andreclemencon.com\/fr\/shop\/"},{"@type":"ListItem","position":3,"name":"The Nautic Star White"}]},{"@type":"WebSite","@id":"https:\/\/andreclemencon.com\/fr\/#website","url":"https:\/\/andreclemencon.com\/fr\/","name":"ANDRE CLEMENCON CONTEMPORARY WATCHES","description":"Watches inspired by Tattoo Art","potentialAction":[{"@type":"SearchAction","target":{"@type":"EntryPoint","urlTemplate":"https:\/\/andreclemencon.com\/fr\/?s={search_term_string}"},"query-input":{"@type":"PropertyValueSpecification","valueRequired":true,"valueName":"search_term_string"}}],"inLanguage":"fr-FR"}]}},"_links":{"self":[{"href":"https:\/\/andreclemencon.com\/fr\/wp-json\/wp\/v2\/product\/3768","targetHints":{"allow":["GET"]}}],"collection":[{"href":"https:\/\/andreclemencon.com\/fr\/wp-json\/wp\/v2\/product"}],"about":[{"href":"https:\/\/andreclemencon.com\/fr\/wp-json\/wp\/v2\/types\/product"}],"wp:featuredmedia":[{"embeddable":true,"href":"https:\/\/andreclemencon.com\/fr\/wp-json\/wp\/v2\/media\/2491"}],"wp:attachment":[{"href":"https:\/\/andreclemencon.com\/fr\/wp-json\/wp\/v2\/media?parent=3768"}],"wp:term":[{"taxonomy":"product_brand","embeddable":true,"href":"https:\/\/andreclemencon.com\/fr\/wp-json\/wp\/v2\/product_brand?post=3768"},{"taxonomy":"product_cat","embeddable":true,"href":"https:\/\/andreclemencon.com\/fr\/wp-json\/wp\/v2\/product_cat?post=3768"},{"taxonomy":"product_tag","embeddable":true,"href":"https:\/\/andreclemencon.com\/fr\/wp-json\/wp\/v2\/product_tag?post=3768"}],"curies":[{"name":"wp","href":"https:\/\/api.w.org\/{rel}","templated":true}]}}